{"id":170,"date":"2023-03-11T08:00:27","date_gmt":"2023-03-11T08:00:27","guid":{"rendered":"https:\/\/dulichfree.com\/staging\/?page_id=170"},"modified":"2024-01-15T15:59:47","modified_gmt":"2024-01-15T08:59:47","slug":"lien-he","status":"publish","type":"page","link":"https:\/\/dulichfree.com\/staging\/lien-he\/","title":{"rendered":"Li\u00ean h\u1ec7"},"content":{"rendered":"<p>[ux_banner height=&#8221;383px&#8221; bg=&#8221;38&#8243; bg_size=&#8221;original&#8221;]<\/p>\n<p>[text_box position_x=&#8221;50&#8243; position_y=&#8221;50&#8243;]<\/p>\n<p>[ux_text font_size=&#8221;2&#8243;]<\/p>\n<h3 class=\"uppercase\"><b>Li\u00ean h\u1ec7<\/b><\/h3>\n<p>[\/ux_text]<\/p>\n<p>[\/text_box]<\/p>\n<p>[\/ux_banner]<br \/>\n[section]<\/p>\n<p>[row style=&#8221;collapse&#8221;]<\/p>\n<p>[col span__sm=&#8221;12&#8243;]<\/p>\n<p>[row_inner style=&#8221;small&#8221;]<\/p>\n<p>[col_inner span=&#8221;6&#8243; span__sm=&#8221;12&#8243;]<\/p>\n<p>[title text=&#8221;Li\u00ean h\u1ec7&#8221; color=&#8221;rgb(25, 38, 123)&#8221;]<\/p>\n<p>[block id=&#8221;2194&#8243;]<\/p>\n<p>[gap]<\/p>\n<p>[title text=&#8221;Qu\u00fd kh\u00e1ch vui l\u00f2ng \u0111\u1ec3 l\u1ea1i l\u1eddi nh\u1eafn \u0111\u1ec3 \u0111\u01b0\u1ee3c h\u1ed7 tr\u1ee3&#8221; color=&#8221;rgb(25, 38, 123)&#8221;]<\/p>\n<p>\u0110\u1ec3 \u0111\u00f3ng g\u00f3p \u00fd ki\u1ebfn v\u1ec1 ch\u1ea5t l\u01b0\u1ee3ng d\u1ecbch v\u1ee5, c\u0169ng nh\u01b0 c\u00f3 nh\u1eefng y\u00eau c\u1ea7u, th\u1eafc m\u1eafc c\u1ea7n \u0111\u01b0\u1ee3c gi\u1ea3i \u0111\u00e1p, xin vui l\u00f2ng \u0111i\u1ec1n v\u00e0o Form sau \u0111\u00e2y v\u00e0 g\u1eedi \u0111\u1ebfn <strong><a href=\"https:\/\/dulichfree.com\/staging\/\">Dulichfree.com<\/a><\/strong>. Ho\u1eb7c \u0111\u1ec3 nhanh nh\u1ea5t k\u00ednh mong qu\u00fd kh\u00e1ch g\u1ecdi tr\u1ef1c ti\u1ebfp\u00a0\u0111\u1ec3 \u0111\u01b0\u1ee3c gi\u1ea3i quy\u1ebft.<\/p>\n<p>Ngay sau khi nh\u1eadn \u0111\u01b0\u1ee3c th\u00f4ng tin, ch\u00fang t\u00f4i s\u1ebd ph\u1ea3n h\u1ed3i v\u1edbi b\u1ea1n trong th\u1eddi gian s\u1edbm nh\u1ea5t. Xin ch\u00e2n th\u00e0nh c\u1ea3m \u01a1n!<\/p>\n\n<div class=\"wpcf7 no-js\" id=\"wpcf7-f6-o1\" lang=\"vi\" dir=\"ltr\" data-wpcf7-id=\"6\">\n<div class=\"screen-reader-response\"><p role=\"status\" aria-live=\"polite\" aria-atomic=\"true\"><\/p> <ul><\/ul><\/div>\n<form action=\"\/staging\/wp-json\/wp\/v2\/pages\/170#wpcf7-f6-o1\" method=\"post\" class=\"wpcf7-form init\" aria-label=\"Form li\u00ean h\u1ec7\" novalidate=\"novalidate\" data-status=\"init\">\n<fieldset class=\"hidden-fields-container\"><input type=\"hidden\" name=\"_wpcf7\" value=\"6\" \/><input type=\"hidden\" name=\"_wpcf7_version\" value=\"6.1.4\" \/><input type=\"hidden\" name=\"_wpcf7_locale\" value=\"vi\" \/><input type=\"hidden\" name=\"_wpcf7_unit_tag\" value=\"wpcf7-f6-o1\" \/><input type=\"hidden\" name=\"_wpcf7_container_post\" value=\"0\" \/><input type=\"hidden\" name=\"_wpcf7_posted_data_hash\" value=\"\" \/>\n<\/fieldset>\n<p><label> Your name<br \/>\n<span class=\"wpcf7-form-control-wrap\" data-name=\"your-name\"><input size=\"40\" maxlength=\"400\" class=\"wpcf7-form-control wpcf7-text wpcf7-validates-as-required\" autocomplete=\"name\" aria-required=\"true\" aria-invalid=\"false\" value=\"\" type=\"text\" name=\"your-name\" \/><\/span> <\/label>\n<\/p>\n<p><label> Your email<br \/>\n<span class=\"wpcf7-form-control-wrap\" data-name=\"your-email\"><input size=\"40\" maxlength=\"400\" class=\"wpcf7-form-control wpcf7-email wpcf7-validates-as-required wpcf7-text wpcf7-validates-as-email\" autocomplete=\"email\" aria-required=\"true\" aria-invalid=\"false\" value=\"\" type=\"email\" name=\"your-email\" \/><\/span> <\/label>\n<\/p>\n<p><label> Subject<br \/>\n<span class=\"wpcf7-form-control-wrap\" data-name=\"your-subject\"><input size=\"40\" maxlength=\"400\" class=\"wpcf7-form-control wpcf7-text wpcf7-validates-as-required\" aria-required=\"true\" aria-invalid=\"false\" value=\"\" type=\"text\" name=\"your-subject\" \/><\/span> <\/label>\n<\/p>\n<p><label> Your message (optional)<br \/>\n<span class=\"wpcf7-form-control-wrap\" data-name=\"your-message\"><textarea cols=\"40\" rows=\"10\" maxlength=\"2000\" class=\"wpcf7-form-control wpcf7-textarea\" aria-invalid=\"false\" name=\"your-message\"><\/textarea><\/span> <\/label>\n<\/p>\n<p><input class=\"wpcf7-form-control wpcf7-submit has-spinner\" type=\"submit\" value=\"Submit\" \/>\n<\/p><div class=\"wpcf7-response-output\" aria-hidden=\"true\"><\/div>\n<\/form>\n<\/div>\n\n<p>[\/col_inner]<br \/>\n[col_inner span=&#8221;6&#8243; span__sm=&#8221;12&#8243;]<\/p>\n<p>[ux_html]<\/p>\n<p><iframe loading=\"lazy\" style=\"border: 0;\" src=\"https:\/\/www.google.com\/maps\/embed?pb=!1m14!1m8!1m3!1d15334.774753587772!2d108.2399413!3d16.0813774!3m2!1i1024!2i768!4f13.1!3m3!1m2!1s0x3142172009b5c277%3A0x1cb2726b98d55896!2sC%C3%B4ng%20ty%20TNHH%20Du%20L%E1%BB%8Bch%20Free!5e0!3m2!1svi!2s!4v1699870983827!5m2!1svi!2s\" width=\"100%\" height=\"800\" allowfullscreen=\"allowfullscreen\"><\/iframe><br \/>\n[\/ux_html]<\/p>\n<p>[\/col_inner]<\/p>\n<p>[\/row_inner]<\/p>\n<p>[\/col]<\/p>\n<p>[\/row]<\/p>\n<p>[\/section]<\/p>\n","protected":false},"excerpt":{"rendered":"<p>[ux_banner height=&#8221;383px&#8221; bg=&#8221;38&#8243; bg_size=&#8221;original&#8221;] [text_box position_x=&#8221;50&#8243; position_y=&#8221;50&#8243;] [ux_text font_size=&#8221;2&#8243;] Li\u00ean h\u1ec7 [\/ux_text] [\/text_box] [\/ux_banner] [section] [row style=&#8221;collapse&#8221;] [col span__sm=&#8221;12&#8243;] [row_inner style=&#8221;small&#8221;] [col_inner span=&#8221;6&#8243; span__sm=&#8221;12&#8243;] [title text=&#8221;Li\u00ean h\u1ec7&#8221; color=&#8221;rgb(25, 38, 123)&#8221;] [block id=&#8221;2194&#8243;] [gap] [title text=&#8221;Qu\u00fd kh\u00e1ch vui l\u00f2ng \u0111\u1ec3 l\u1ea1i l\u1eddi nh\u1eafn \u0111\u1ec3 \u0111\u01b0\u1ee3c h\u1ed7 tr\u1ee3&#8221; color=&#8221;rgb(25, 38, 123)&#8221;] \u0110\u1ec3 \u0111\u00f3ng g\u00f3p \u00fd ki\u1ebfn v\u1ec1 &#8230; <a title=\"Li\u00ean h\u1ec7\" class=\"read-more\" href=\"https:\/\/dulichfree.com\/staging\/lien-he\/\" aria-label=\"Read more about Li\u00ean h\u1ec7\">Read more<\/a><\/p>\n","protected":false},"author":1,"featured_media":0,"parent":0,"menu_order":0,"comment_status":"closed","ping_status":"closed","template":"page-blank.php","meta":{"footnotes":""},"class_list":["post-170","page","type-page","status-publish"],"acf":[],"_links":{"self":[{"href":"https:\/\/dulichfree.com\/staging\/wp-json\/wp\/v2\/pages\/170","targetHints":{"allow":["GET"]}}],"collection":[{"href":"https:\/\/dulichfree.com\/staging\/wp-json\/wp\/v2\/pages"}],"about":[{"href":"https:\/\/dulichfree.com\/staging\/wp-json\/wp\/v2\/types\/page"}],"author":[{"embeddable":true,"href":"https:\/\/dulichfree.com\/staging\/wp-json\/wp\/v2\/users\/1"}],"replies":[{"embeddable":true,"href":"https:\/\/dulichfree.com\/staging\/wp-json\/wp\/v2\/comments?post=170"}],"version-history":[{"count":10,"href":"https:\/\/dulichfree.com\/staging\/wp-json\/wp\/v2\/pages\/170\/revisions"}],"predecessor-version":[{"id":4155,"href":"https:\/\/dulichfree.com\/staging\/wp-json\/wp\/v2\/pages\/170\/revisions\/4155"}],"wp:attachment":[{"href":"https:\/\/dulichfree.com\/staging\/wp-json\/wp\/v2\/media?parent=170"}],"curies":[{"name":"wp","href":"https:\/\/api.w.org\/{rel}","templated":true}]}}