{"id":28,"date":"2023-07-31T09:00:18","date_gmt":"2023-07-31T02:00:18","guid":{"rendered":"https:\/\/dulichfree.com\/staging\/?page_id=28"},"modified":"2023-07-31T09:00:18","modified_gmt":"2023-07-31T02:00:18","slug":"chinh-sach-va-dieu-khoang","status":"publish","type":"page","link":"https:\/\/dulichfree.com\/staging\/chinh-sach-va-dieu-khoang\/","title":{"rendered":"Ch\u00ednh s\u00e1ch v\u00e0 \u0111i\u1ec1u kho\u1ea3ng"},"content":{"rendered":"<h2><strong>C\u00e1c \u0110i\u1ec1u Kho\u1ea3n Quan Tr\u1ecdng<\/strong><\/h2>\n<div id=\"toptour\" class=\"toptitle\">\n<h3><strong>\u0110i\u1ec1u Kho\u1ea3n<\/strong><\/h3>\n<p><span style=\"color: #282828;\">Xin qu\u00fd kh\u00e1ch vui l\u00f2ng xem x\u00e9t k\u1ef9 c\u00e1c \u0111i\u1ec1u kho\u1ea3n v\u00e0 \u0111i\u1ec1u ki\u1ec7n li\u00ean quan \u0111\u1ebfn vi\u1ec7c \u0111\u1eb7t tour du l\u1ecbch \u0110\u00e0 N\u1eb5ng ho\u1eb7c c\u00e1c tour du l\u1ecbch trong n\u01b0\u1edbc. \u0110\u1ec3 th\u1ef1c hi\u1ec7n \u0111i\u1ec1u n\u00e0y, c\u00f3 th\u1ec3 truy c\u1eadp v\u00e0o trang web<\/span> <strong><a href=\"https:\/\/dulichfree.com\/staging\/\">Dulichfree.com<\/a><\/strong> <span style=\"color: #282828;\">ho\u1eb7c g\u1ecdi \u0111\u1ebfn s\u1ed1 \u0111i\u1ec7n tho\u1ea1i<\/span> <a href=\"tel:0708501660\"><strong>070.850.1660<\/strong><\/a> <span style=\"color: #282828;\">\u0111\u1ec3 \u0111\u01b0\u1ee3c t\u01b0 v\u1ea5n chi ti\u1ebft t\u1eeb c\u00e1c chuy\u00ean vi\u00ean du l\u1ecbch chuy\u00ean nghi\u1ec7p c\u1ee7a Du l\u1ecbch Free. Nh\u1eefng \u0111i\u1ec1u kho\u1ea3n n\u00e0y \u0111\u01b0\u1ee3c \u00e1p d\u1ee5ng \u0111\u1ed1i v\u1edbi kh\u00e1ch h\u00e0ng \u0111\u1eb7t d\u1ecbch v\u1ee5 du l\u1ecbch t\u1ea1i Du l\u1ecbch Free.<\/span><\/p>\n<h3><strong>I. GI\u00c1 D\u1ecaCH V\u1ee4<\/strong><\/h3>\n<p><span style=\"color: #282828;\">D\u01b0\u1edbi \u0111\u00e2y l\u00e0 c\u00e1c \u0111i\u1ec3m quan tr\u1ecdng v\u1ec1 gi\u00e1 d\u1ecbch v\u1ee5 m\u00e0 ch\u00fang t\u00f4i xin \u0111\u01b0\u1ee3c th\u00f4ng b\u00e1o \u0111\u1ebfn qu\u00fd kh\u00e1ch:<\/span><\/p>\n<ul>\n<li><span style=\"color: #282828;\">Gi\u00e1 d\u1ecbch v\u1ee5 \u0111\u01b0\u1ee3c quy \u0111\u1ecbnh b\u1eb1ng \u0111\u1ed3ng Vi\u1ec7t Nam (VN\u0110).<\/span><\/li>\n<li><span style=\"color: #282828;\">Gi\u00e1 ch\u01b0a bao g\u1ed3m thu\u1ebf VAT 10%.<\/span><\/li>\n<li><span style=\"color: #282828;\">Gi\u00e1 \u0111\u01b0\u1ee3c ni\u00eam y\u1ebft v\u00e0 kh\u00f4ng bao g\u1ed3m hoa h\u1ed3ng cho ng\u01b0\u1eddi gi\u1edbi thi\u1ec7u.<\/span><\/li>\n<li><span style=\"color: #282828;\">Gi\u00e1 d\u1ecbch v\u1ee5 l\u00e0 gi\u00e1 d\u00e0nh cho m\u1ed9t ng\u01b0\u1eddi (02 ng\u01b0\u1eddi m\u1ed7i ph\u00f2ng) trong tr\u01b0\u1eddng h\u1ee3p c\u1eb7p nam v\u00e0 n\u1eef \u0111i c\u00f9ng nhau. N\u1ebfu qu\u00fd kh\u00e1ch \u0111\u1eb7t ph\u00f2ng l\u1ebb cho nam ho\u1eb7c n\u1eef, s\u1ebd \u00e1p d\u1ee5ng ph\u1ee5 thu cho ng\u01b0\u1eddi th\u1ee9 ba t\u00f9y thu\u1ed9c v\u00e0o t\u1eebng kh\u00e1ch s\u1ea1n c\u1ee5 th\u1ec3.<\/span><\/li>\n<\/ul>\n<h3><strong>II. \u0110\u1eb6T V\u00c0 X\u00c1C NH\u1eacN D\u1ecaCH V\u1ee4<\/strong><\/h3>\n<p><span style=\"color: #282828;\">Qu\u00fd kh\u00e1ch vui l\u00f2ng xem qua c\u00e1c th\u00f4ng tin sau \u0111\u00e2y li\u00ean quan \u0111\u1ebfn vi\u1ec7c \u0111\u1eb7t d\u1ecbch v\u1ee5 c\u1ee7a ch\u00fang t\u00f4i:<\/span><\/p>\n<ul>\n<li><span style=\"color: #282828;\">\u0110\u1eb7t d\u1ecbch v\u1ee5: \u0110\u1ec3 y\u00eau c\u1ea7u \u0111\u1eb7t d\u1ecbch v\u1ee5, qu\u00fd kh\u00e1ch c\u00f3 th\u1ec3 li\u00ean h\u1ec7 qua email, hotline, fax, ho\u1eb7c chat. Ch\u00fang t\u00f4i cam k\u1ebft s\u1ebd tr\u1ea3 l\u1eddi ch\u00ednh th\u1ee9c qua email trong v\u00f2ng 24 gi\u1edd (c\u00e1c th\u00f4ng tin trao \u0111\u1ed5i qua \u0111i\u1ec7n tho\u1ea1i ch\u1ec9 mang t\u00ednh tham kh\u1ea3o). N\u1ebfu ch\u00fang t\u00f4i kh\u00f4ng th\u1ec3 cung c\u1ea5p d\u1ecbch v\u1ee5 trong v\u00f2ng 12 gi\u1edd, ch\u00fang t\u00f4i s\u1ebd th\u00f4ng b\u00e1o l\u1ea1i cho qu\u00fd kh\u00e1ch.<\/span><\/li>\n<li><span style=\"color: #282828;\">X\u00e1c nh\u1eadn d\u1ecbch v\u1ee5: Sau khi nh\u1eadn \u0111\u01b0\u1ee3c th\u00f4ng b\u00e1o t\u1eeb ch\u00fang t\u00f4i v\u1ec1 t\u00ecnh tr\u1ea1ng d\u1ecbch v\u1ee5, qu\u00fd kh\u00e1ch vui l\u00f2ng ki\u1ec3m tra k\u1ef9 c\u00e1c \u0111i\u1ec1u ki\u1ec7n v\u00e0 gi\u00e1 c\u1ea3 d\u1ecbch v\u1ee5. Sau \u0111\u00f3, xin h\u00e3y x\u00e1c nh\u1eadn l\u1ea1i v\u1edbi ch\u00fang t\u00f4i li\u1ec7u qu\u00fd kh\u00e1ch c\u00f3 mu\u1ed1n \u0111\u1eb7t d\u1ecbch v\u1ee5 hay kh\u00f4ng.<\/span><\/li>\n<li><span style=\"color: #282828;\">Thanh to\u00e1n \u0111\u1eb7t c\u1ecdc: Sau khi x\u00e1c nh\u1eadn \u0111\u1eb7t d\u1ecbch v\u1ee5, qu\u00fd kh\u00e1ch vui l\u00f2ng thanh to\u00e1n ti\u1ec1n \u0111\u1eb7t c\u1ecdc. Sau khi nh\u1eadn \u0111\u01b0\u1ee3c kho\u1ea3n ti\u1ec1n \u0111\u1eb7t c\u1ecdc t\u1eeb qu\u00fd kh\u00e1ch, ch\u00fang t\u00f4i s\u1ebd x\u00e1c nh\u1eadn l\u1ea1i d\u1ecbch v\u1ee5 c\u1ee7a qu\u00fd kh\u00e1ch qua email ho\u1eb7c v\u0103n b\u1ea3n \u0111\u01b0\u1ee3c k\u00fd v\u00e0 c\u00f3 d\u1ea5u \u0111\u1ecf c\u1ee7a c\u00f4ng ty.<\/span><\/li>\n<\/ul>\n<h3><strong>III. PH\u01af\u01a0NG TH\u1ee8C THANH TO\u00c1N<\/strong><\/h3>\n<ol>\n<li>\n<p><span style=\"color: #282828;\">\u0110\u1eb7t c\u1ecdc tr\u01b0\u1edbc \u0111\u1ec3 Dulichfree.com gi\u1eef d\u1ecbch v\u1ee5 cho \u0111o\u00e0n. Th\u00f4ng th\u01b0\u1eddng, m\u1ee9c \u0111\u1eb7t c\u1ecdc l\u00e0 t\u1eeb 30% \u0111\u1ebfn 50% gi\u00e1 tr\u1ecb h\u1ee3p \u0111\u1ed3ng. S\u1ed1 ti\u1ec1n c\u00f2n l\u1ea1i s\u1ebd \u0111\u01b0\u1ee3c thanh to\u00e1n v\u00e0o ng\u00e0y kh\u1edfi h\u00e0nh.<\/span><\/p>\n<\/li>\n<li>\n<p><span style=\"color: #282828;\">Qu\u00fd kh\u00e1ch c\u00f3 th\u1ec3 l\u1ef1a ch\u1ecdn h\u00ecnh th\u1ee9c thanh to\u00e1n sau:<\/span><\/p>\n<p><span style=\"color: #282828;\">a) Thanh to\u00e1n b\u1eb1ng ti\u1ec1n m\u1eb7t: Qu\u00fd kh\u00e1ch c\u00f3 th\u1ec3 \u0111\u1ebfn v\u0103n ph\u00f2ng giao d\u1ecbch c\u1ee7a Dulichfree.com t\u1ea1i \u0111\u1ecba ch\u1ec9 159 Ph\u00f3 \u0110\u1ee9c Ch\u00ednh, An H\u1ea3i B\u1eafc, S\u01a1n Tr\u00e0, \u0110\u00e0 N\u1eb5ng \u0111\u1ec3 thanh to\u00e1n. N\u1ebfu qu\u00fd kh\u00e1ch kh\u00f4ng th\u1ec3 \u0111\u1ebfn thanh to\u00e1n, Dulichfree.com s\u1ebd cung c\u1ea5p d\u1ecbch v\u1ee5 thu ti\u1ec1n t\u1eadn nh\u00e0 ho\u1eb7c n\u01a1i l\u00e0m vi\u1ec7c c\u1ee7a qu\u00fd kh\u00e1ch m\u00e0 kh\u00f4ng t\u00ednh ph\u00ed. Khi thanh to\u00e1n b\u1eb1ng h\u00ecnh th\u1ee9c n\u00e0y, qu\u00fd kh\u00e1ch s\u1ebd nh\u1eadn \u0111\u01b0\u1ee3c Phi\u1ebfu thu v\u00e0 ch\u01b0\u01a1ng tr\u00ecnh c\u00f3 x\u00e1c nh\u1eadn c\u1ee7a C\u00f4ng ty.<\/span><\/p>\n<p><span style=\"color: #282828;\">b) Thanh to\u00e1n b\u1eb1ng chuy\u1ec3n kho\u1ea3n: Qu\u00fd kh\u00e1ch y\u00eau c\u1ea7u thanh to\u00e1n b\u1eb1ng h\u00ecnh th\u1ee9c chuy\u1ec3n kho\u1ea3n, Dulichfree.com s\u1ebd cung c\u1ea5p th\u00f4ng tin t\u00e0i kho\u1ea3n \u0111\u00e3 \u0111\u01b0\u1ee3c ch\u1ec9 \u0111\u1ecbnh (l\u01b0u \u00fd: Ph\u00ed chuy\u1ec3n kho\u1ea3n s\u1ebd do qu\u00fd kh\u00e1ch t\u1ef1 thanh to\u00e1n). Khi thanh to\u00e1n b\u1eb1ng h\u00ecnh th\u1ee9c n\u00e0y, qu\u00fd kh\u00e1ch vui l\u00f2ng cung c\u1ea5p \u0111\u1ecba ch\u1ec9 Email \u0111\u1ec3 Dulichfree.com g\u1eedi Phi\u1ebfu thu v\u00e0 ch\u01b0\u01a1ng tr\u00ecnh c\u00f3 d\u1ea5u \u0111\u1ecf (b\u1ea3n Scan) qua Email.<\/span><\/p>\n<\/li>\n<\/ol>\n<h3><span style=\"color: #282828;\"><strong>IV. QUY D\u1ecaNH D\u00c0NH CHO TR\u1eba EM<\/strong><\/span><\/h3>\n<p><span style=\"color: #282828;\">\u0110\u1ed1i v\u1edbi vi\u1ec7c tham gia tour, kh\u00f4ng c\u00f3 quy \u0111\u1ecbnh c\u1ee9ng nh\u1eafc v\u1ec1 \u0111\u1ed9 tu\u1ed5i c\u1ee7a tr\u1ebb em. Tuy nhi\u00ean, \u0111\u1ec3 \u0111\u1ea3m b\u1ea3o an to\u00e0n v\u00e0 ti\u1ec7n l\u1ee3i cho h\u00e0nh kh\u00e1ch c\u00f3 con nh\u1ecf \u0111i k\u00e8m, \u0111\u1ed9 tu\u1ed5i t\u1ed1i thi\u1ec3u l\u00e0 t\u1eeb 06 th\u00e1ng \u0111\u1ebfn 1 n\u0103m. Tr\u1ebb em tham gia tour ph\u1ea3i c\u00f3 s\u1ef1 h\u01b0\u1edbng d\u1eabn v\u00e0 ch\u0103m s\u00f3c c\u1ee7a b\u1ed1 ho\u1eb7c m\u1eb9 \u0111\u1ebb. Trong tr\u01b0\u1eddng h\u1ee3p \u0111i c\u00f9ng ng\u01b0\u1eddi th\u00e2n kh\u00e1c, c\u1ea7n c\u00f3 gi\u1ea5y x\u00e1c nh\u1eadn t\u1eeb b\u1ed1 m\u1eb9.<\/span><\/p>\n<h3><span style=\"color: #282828;\"><strong>V. THAY \u0110\u1ed4I D\u1ecaCH V\u1ee4<\/strong><\/span><\/h3>\n<p><span style=\"color: #282828;\">Trong tr\u01b0\u1eddng h\u1ee3p qu\u00fd kh\u00e1ch mu\u1ed1n \u0111i\u1ec1u ch\u1ec9nh ng\u00e0y \u0111i ho\u1eb7c \u0111i\u1ec1u h\u1ea1n s\u1ed1 l\u01b0\u1ee3ng ph\u00f2ng, xin vui l\u00f2ng th\u00f4ng b\u00e1o s\u1edbm cho Dulichfree.com \u0111\u1ec3 ch\u00fang t\u00f4i c\u00f3 th\u1ec3 t\u1ed5 ch\u1ee9c l\u1ea1i d\u1ecbch v\u1ee5 m\u1ed9t c\u00e1ch linh ho\u1ea1t v\u00e0 thu\u1eadn ti\u1ec7n cho qu\u00fd kh\u00e1ch. Tuy nhi\u00ean, qu\u00fd kh\u00e1ch c\u1ea7n l\u01b0u \u00fd r\u1eb1ng vi\u1ec7c thay \u0111\u1ed5i n\u00e0y ch\u1ec9 \u00e1p d\u1ee5ng n\u1ebfu \u0111o\u00e0n th\u00f4ng b\u00e1o tr\u01b0\u1edbc t\u1eeb 08 \u0111\u1ebfn 10 ng\u00e0y t\u00ednh t\u1eeb ng\u00e0y kh\u1edfi h\u00e0nh. N\u1ebfu vi\u1ec7c thay \u0111\u1ed5i \u0111\u01b0\u1ee3c th\u00f4ng b\u00e1o trong kho\u1ea3ng t\u1eeb 01 \u0111\u1ebfn 08 ng\u00e0y tr\u01b0\u1edbc ng\u00e0y kh\u1edfi h\u00e0nh, gi\u00e1 d\u1ecbch v\u1ee5 s\u1ebd c\u00f3 s\u1ef1 \u0111i\u1ec1u ch\u1ec9nh v\u00e0 \u00e1p d\u1ee5ng gi\u00e1 m\u1edbi (Gi\u00e1 m\u1edbi = Gi\u00e1 c\u0169 + ti\u1ec1n ph\u1ea1t do thay \u0111\u1ed5i mu\u1ed9n).<\/span><\/p>\n<h3><strong>VI. \u0110I\u1ec0U KI\u1ec6N PH\u1ea0T H\u1ee6Y<\/strong><\/h3>\n<h4><span style=\"color: #282828;\"><strong>1. Tr\u01b0\u1eddng h\u1ee3p h\u1ee7y do Dulichfree.com<\/strong><\/span><\/h4>\n<p>Trong tr\u01b0\u1eddng h\u1ee3p Du l\u1ecbch free kh\u00f4ng th\u1ec3 th\u1ef1c hi\u1ec7n chuy\u1ebfn du l\u1ecbch, ch\u00fang t\u00f4i cam k\u1ebft s\u1ebd th\u00f4ng b\u00e1o ngay cho qu\u00fd kh\u00e1ch h\u00e0ng v\u00e0 ho\u00e0n tr\u1ea3 to\u00e0n b\u1ed9 s\u1ed1 ti\u1ec1n qu\u00fd kh\u00e1ch \u0111\u00e3 thanh to\u00e1n trong v\u00f2ng 3 ng\u00e0y k\u1ec3 t\u1eeb l\u00fac th\u00f4ng b\u00e1o h\u1ee7y chuy\u1ebfn du l\u1ecbch. Qu\u00fd kh\u00e1ch c\u00f3 th\u1ec3 nh\u1eadn l\u1ea1i s\u1ed1 ti\u1ec1n n\u00e0y d\u01b0\u1edbi d\u1ea1ng ti\u1ec1n m\u1eb7t ho\u1eb7c th\u00f4ng qua chuy\u1ec3n kho\u1ea3n.<\/p>\n<h4><span style=\"color: #282828;\"><strong>2. Tr\u01b0\u1eddng h\u1ee3p h\u1ee7y tour do kh\u00e1ch h\u00e0ng.<\/strong><\/span><\/h4>\n<p><span style=\"color: #282828;\">Qu\u00fd kh\u00e1ch vui l\u00f2ng th\u00f4ng b\u00e1o s\u1edbm cho Du l\u1ecbch free n\u1ebfu c\u00f3 nhu c\u1ea7u hu\u1ef7 \u0111\u1eb7t d\u1ecbch v\u1ee5. Vi\u1ec7c \u00e1p d\u1ee5ng ph\u1ea1t hu\u1ef7 s\u1ebd tu\u00e2n theo c\u00e1c \u0111i\u1ec1u kho\u1ea3n sau \u0111\u00e2y:<\/span><\/p>\n<ol>\n<li><span style=\"color: #282828;\">Hu\u1ef7 vi\u1ec7c \u0111\u1eb7t d\u1ecbch v\u1ee5 sau khi \u0111\u00e3 thanh to\u00e1n ti\u1ec1n \u0111\u1eb7t c\u1ecdc: Kh\u00f4ng c\u00f3 s\u1ef1 ho\u00e0n l\u1ea1i s\u1ed1 ti\u1ec1n \u0111\u00e3 \u0111\u1eb7t c\u1ecdc.<\/span><\/li>\n<li><span style=\"color: #282828;\">Hu\u1ef7 \u0111\u1eb7t d\u1ecbch v\u1ee5 t\u1eeb 8 \u0111\u1ebfn 10 ng\u00e0y k\u1ec3 t\u1eeb ng\u00e0y kh\u1edfi h\u00e0nh: Du kh\u00e1ch s\u1ebd b\u1ecb ph\u1ea1t 50% t\u1ed5ng gi\u00e1 tr\u1ecb h\u1ee3p \u0111\u1ed3ng (Ph\u1ea1t c\u00f3 th\u1ec3 gi\u1ea3m xu\u1ed1ng t\u00f9y thu\u1ed9c v\u00e0o lo\u1ea1i ph\u01b0\u01a1ng ti\u1ec7n v\u1eadn chuy\u1ec3n, v\u00ed d\u1ee5 nh\u01b0 v\u00e9 m\u00e1y bay, v\u00e9 t\u00e0u h\u1ecfa ho\u1eb7c \u00f4 t\u00f4).<\/span><\/li>\n<li><span style=\"color: #282828;\">Hu\u1ef7 \u0111\u1eb7t d\u1ecbch v\u1ee5 t\u1eeb 5 \u0111\u1ebfn 7 ng\u00e0y k\u1ec3 t\u1eeb ng\u00e0y kh\u1edfi h\u00e0nh: Du kh\u00e1ch s\u1ebd b\u1ecb ph\u1ea1t 100% t\u1ed5ng gi\u00e1 tr\u1ecb h\u1ee3p \u0111\u1ed3ng (Ph\u1ea1t c\u00f3 th\u1ec3 gi\u1ea3m xu\u1ed1ng t\u00f9y thu\u1ed9c v\u00e0o lo\u1ea1i ph\u01b0\u01a1ng ti\u1ec7n v\u1eadn chuy\u1ec3n, v\u00ed d\u1ee5 nh\u01b0 v\u00e9 m\u00e1y bay, v\u00e9 t\u00e0u h\u1ecfa ho\u1eb7c \u00f4 t\u00f4).<\/span><\/li>\n<\/ol>\n<p><strong>L\u01b0u \u00fd:<\/strong><\/p>\n<blockquote>\n<p>B\u1ea5t kh\u1ea3 kh\u00e1ng: Trong tr\u01b0\u1eddng h\u1ee3p x\u1ea3y ra c\u00e1c s\u1ef1 ki\u1ec7n b\u1ea5t kh\u1ea3 kh\u00e1ng nh\u01b0 chi\u1ebfn tranh, b\u00e3o l\u0169, \u0111\u1ed9ng \u0111\u1ea5t, qu\u00fd kh\u00e1ch h\u00e0ng c\u00f3 quy\u1ec1n hu\u1ef7 d\u1ecbch v\u1ee5 m\u00e0 kh\u00f4ng ph\u1ea3i \u0111\u1ed1i m\u1eb7t v\u1edbi b\u1ea5t k\u1ef3 ph\u1ea1t ti\u1ec1n n\u00e0o t\u1eeb b\u00ean Du l\u1ecbch Free. Ch\u00fang t\u00f4i s\u1ebd ho\u00e0n l\u1ea1i s\u1ed1 ti\u1ec1n \u0111\u00e3 \u0111\u1eb7t c\u1ecdc m\u1ed9t c\u00e1ch tr\u1ecdn v\u1eb9n.<\/p>\n<p>Th\u1ee7 t\u1ee5c h\u1ee7y d\u1ecbch v\u1ee5: Vi\u1ec7c hu\u1ef7 d\u1ecbch v\u1ee5 c\u00f3 th\u1ec3 th\u00f4ng b\u00e1o qua nhi\u1ec1u ph\u01b0\u01a1ng th\u1ee9c nh\u01b0 Email, \u0111i\u1ec7n tho\u1ea1i, fax,&#8230; Sau khi nh\u1eadn \u0111\u01b0\u1ee3c y\u00eau c\u1ea7u hu\u1ef7, Du l\u1ecbch Free s\u1ebd li\u00ean h\u1ec7 tr\u1ef1c ti\u1ebfp v\u1edbi qu\u00fd kh\u00e1ch qua \u0111i\u1ec7n tho\u1ea1i v\u00e0 g\u1eedi Email y\u00eau c\u1ea7u x\u00e1c nh\u1eadn vi\u1ec7c h\u1ee7y d\u1ecbch v\u1ee5. Vi\u1ec7c hu\u1ef7 d\u1ecbch v\u1ee5 s\u1ebd \u0111\u01b0\u1ee3c xem l\u00e0 ho\u00e0n t\u1ea5t sau khi nh\u1eadn \u0111\u01b0\u1ee3c x\u00e1c nh\u1eadn t\u1eeb qu\u00fd kh\u00e1ch.<\/p>\n<p>Th\u1eddi gian h\u1ee7y d\u1ecbch v\u1ee5: Qu\u00e1 tr\u00ecnh t\u00ednh to\u00e1n th\u1eddi gian h\u1ee7y chuy\u1ebfn du l\u1ecbch s\u1ebd ch\u1ec9 \u00e1p d\u1ee5ng v\u00e0o c\u00e1c ng\u00e0y l\u00e0m vi\u1ec7c, kh\u00f4ng t\u00ednh th\u1ee9 7, ch\u1ee7 nh\u1eadt v\u00e0 c\u00e1c ng\u00e0y l\u1ec5.<\/p>\n<p>\u0110i\u1ec1u ki\u1ec7n h\u1ee7y d\u1ecbch v\u1ee5 v\u00e0o d\u1ecbp L\u1ec5, T\u1ebft: C\u00e1c \u0111i\u1ec1u ki\u1ec7n h\u1ee7y v\u00e9 nh\u01b0 \u0111\u00e3 n\u00eau tr\u00ean kh\u00f4ng \u00e1p d\u1ee5ng v\u00e0o c\u00e1c d\u1ecbp L\u1ec5 v\u00e0 T\u1ebft, trong tr\u01b0\u1eddng h\u1ee3p n\u00e0y, qu\u00fd kh\u00e1ch vui l\u00f2ng li\u00ean h\u1ec7 tr\u1ef1c ti\u1ebfp v\u1edbi ch\u00fang t\u00f4i \u0111\u1ec3 bi\u1ebft th\u00eam th\u00f4ng tin chi ti\u1ebft.<\/p>\n<\/blockquote>\n<h4><strong>3. Tr\u01b0\u1eddng h\u1ee3p b\u1ea5t kh\u1ea3 kh\u00e1ng:<\/strong><\/h4>\n<p><span style=\"color: #282828;\">Trong tr\u01b0\u1eddng h\u1ee3p ch\u01b0\u01a1ng tr\u00ecnh du l\u1ecbch b\u1ecb h\u1ee7y b\u1ecf ho\u1eb7c thay \u0111\u1ed5i do m\u1ed9t trong hai b\u00ean do m\u1ed9t s\u1ef1 ki\u1ec7n kh\u00f4ng th\u1ec3 ki\u1ec3m so\u00e1t (v\u00ed d\u1ee5: chi\u1ebfn tranh, thi\u00ean tai, kh\u1ee7ng b\u1ed1&#8230;), th\u00ec hai b\u00ean s\u1ebd \u0111\u01b0\u1ee3c mi\u1ec5n tr\u1eeb m\u1ecdi ngh\u0129a v\u1ee5 b\u1ed3i ho\u00e0n t\u1ed5n th\u1ea5t \u0111\u00e3 x\u1ea3y ra v\u00e0 kh\u00f4ng ch\u1ecbu b\u1ea5t k\u1ef3 tr\u00e1ch nhi\u1ec7m ph\u00e1p l\u00fd n\u00e0o. Tuy nhi\u00ean, m\u1ed7i b\u00ean cam k\u1ebft t\u1eadn d\u1ee5ng t\u1ed1i \u0111a \u0111\u1ec3 h\u1ed7 tr\u1ee3 b\u00ean b\u1ecb t\u1ed5n th\u01b0\u01a1ng nh\u1eb1m gi\u1ea3m thi\u1ec3u c\u00e1c thi\u1ec7t h\u1ea1i ph\u00e1t sinh do l\u00fd do kh\u00f4ng th\u1ec3 ki\u1ec3m so\u00e1t.<\/span><\/p>\n<h3><strong>VII. B\u1ea2O HI\u1ec2M DU L\u1ecaCH<\/strong><\/h3>\n<p><span style=\"color: #282828;\">Gi\u00e1 tour \u0111\u00e3 bao g\u1ed3m b\u1ea3o hi\u1ec3m du l\u1ecbch, v\u00e0 vi\u1ec7c b\u1ed3i th\u01b0\u1eddng (n\u1ebfu c\u00f3) s\u1ebd do \u0111\u01a1n v\u1ecb b\u1ea3o hi\u1ec3m th\u1ef1c hi\u1ec7n theo quy \u0111\u1ecbnh v\u00e0 qui t\u1eafc b\u1ea3o hi\u1ec3m d\u00e0nh cho kh\u00e1ch \u0111i du l\u1ecbch.<\/span><\/p>\n<p><span style=\"color: #282828;\">\u0110\u1ed1i v\u1edbi kh\u00e1ch h\u00e0ng c\u00f3 nhu c\u1ea7u b\u1ea3o hi\u1ec3m b\u1ed5 sung v\u1ec1 y t\u1ebf, nh\u00e2n m\u1ea1ng, v\u00e0 t\u00e0i s\u1ea3n, ch\u00fang t\u00f4i y\u00eau c\u1ea7u qu\u00fd kh\u00e1ch \u0111\u0103ng k\u00fd tr\u01b0\u1edbc v\u00e0 \u0111\u00f3ng ph\u00ed b\u1ea3o hi\u1ec3m th\u00eam t\u00f9y thu\u1ed9c v\u00e0o m\u1ee9c b\u1ea3o hi\u1ec3m m\u00e0 kh\u00e1ch h\u00e0ng mong mu\u1ed1n cho Du l\u1ecbch free. Qu\u00fd kh\u00e1ch vui l\u00f2ng th\u1ef1c hi\u1ec7n vi\u1ec7c n\u00e0y \u00edt nh\u1ea5t 03 ng\u00e0y tr\u01b0\u1edbc ng\u00e0y kh\u1edfi h\u00e0nh.<\/span><\/p>\n<p><span style=\"color: #282828;\">\u0110\u1ec3 gi\u1ea3i \u0111\u00e1p m\u1ecdi th\u1eafc m\u1eafc, qu\u00fd kh\u00e1ch c\u00f3 th\u1ec3 li\u00ean h\u1ec7 qua s\u1ed1 \u0111i\u1ec7n tho\u1ea1i<\/span> <a href=\"tel:0708501660\"><strong>070.850.1660<\/strong><\/a> <span style=\"color: #282828;\">ho\u1eb7c g\u1eedi email t\u1edbi \u0111\u1ecba ch\u1ec9<\/span> <strong><a href=\"mailto:dulichfreee@gmail.com\">dulichfreee@gmail.com<\/a><\/strong><\/p>\n<h3><strong>VIII. TR\u00c1CH NHI\u1ec6M<\/strong><\/h3>\n<p><span style=\"color: #282828;\">\u2013 <\/span><span style=\"color: #282828;\">Kh\u00f4ng ch\u1ecbu tr\u00e1ch nhi\u1ec7m v\u1ec1 m\u1ea5t m\u00e1t t\u00e0i s\u1ea3n trong su\u1ed1t chuy\u1ebfn \u0111i v\u00e0 chi ph\u00ed ph\u00e1t sinh khi \u0111o\u00e0n g\u1eb7p ph\u1ea3i nh\u1eefng th\u1ea3m ho\u1ea1 thi\u00ean nhi\u00ean kh\u00f4ng th\u1ec3 l\u01b0\u1eddng tr\u01b0\u1edbc, ch\u1eb3ng h\u1ea1n nh\u01b0 bi\u1ec3u t\u00ecnh, \u0111\u1ed9ng \u0111\u1ea5t, l\u0169 l\u1ee5t, b\u00e3o, h\u1ecfa ho\u1ea1n, d\u1ecbch b\u1ec7nh, ho\u1eb7c th\u1eddi ti\u1ebft b\u1ea5t l\u1ee3i.<\/span><\/p>\n<p><span style=\"color: #282828;\">\u2013 Ch\u00fang t\u00f4i c\u0169ng kh\u00f4ng ch\u1ecbu tr\u00e1ch nhi\u1ec7m \u0111\u1ed1i v\u1edbi thi\u1ec7t h\u1ea1i, m\u1ea5t m\u00e1t, ch\u1eadm tr\u1ec5 ho\u1eb7c t\u1ed5n h\u1ea1i \u0111\u1ed1i v\u1edbi t\u00e0i s\u1ea3n c\u00e1 nh\u00e2n kh\u00f4ng li\u00ean quan \u0111\u1ebfn c\u00e1c d\u1ecbch v\u1ee5 m\u00e0 ch\u00fang t\u00f4i cung c\u1ea5p, v\u00ed d\u1ee5 nh\u01b0 chuy\u1ebfn bay b\u1ecb ho\u00e3n ho\u1eb7c h\u1ee7y b\u1ecf, hay c\u00e1c v\u1ea5n \u0111\u1ec1 li\u00ean quan \u0111\u1ebfn vi\u1ec7c \u0111\u0103ng k\u00fd t\u1ea1m tr\u00fa.<\/span><\/p>\n<h4><span style=\"color: #282828;\"><strong>1. Tr\u00e1ch nhi\u1ec7m c\u1ee7a du kh\u00e1ch:<\/strong><\/span><\/h4>\n<p><span style=\"color: #282828;\">\u2013 Qu\u00fd kh\u00e1ch vui l\u00f2ng th\u1ef1c hi\u1ec7n vi\u1ec7c thanh to\u00e1n \u0111\u1ea7y \u0111\u1ee7 v\u00e0 \u0111\u00fang h\u1ea1n cho b\u00ean B, tu\u00e2n th\u1ee7 c\u00e1c quy \u0111\u1ecbnh t\u1ea1i ph\u1ea7n \u0111\u1eb7t c\u1ecdc v\u00e0 thanh to\u00e1n.<\/span><\/p>\n<p><span style=\"color: #282828;\">\u2013 Ch\u00fang t\u00f4i c\u00f3 tr\u00e1ch nhi\u1ec7m cung c\u1ea5p \u0111\u1ea7y \u0111\u1ee7 v\u00e0 \u0111\u00fang h\u1ea1n c\u00e1c gi\u1ea5y t\u1edd c\u1ea7n thi\u1ebft v\u00e0 th\u00f4ng tin li\u00ean quan \u0111\u1ebfn chuy\u1ebfn \u0111i theo y\u00eau c\u1ea7u c\u1ee7a b\u00ean B v\u00e0 theo s\u1ef1 h\u01b0\u1edbng d\u1eabn (bao g\u1ed3m ch\u1ee9ng minh th\u01b0 nh\u00e2n d\u00e2n) t\u1eeb c\u00e1c c\u01a1 quan ch\u1ee9c n\u0103ng.<\/span><\/p>\n<h4><span style=\"color: #282828;\"><strong>2. Tr\u00e1ch nhi\u1ec7m c\u1ee7a Du l\u1ecbch Free:<\/strong><\/span><\/h4>\n<p><span style=\"color: #282828;\">\u2013 \u0110\u1ea3m b\u1ea3o th\u1ef1c hi\u1ec7n ch\u01b0\u01a1ng tr\u00ecnh du l\u1ecbch \u0111\u00fang v\u00e0 \u0111\u1ea7y \u0111\u1ee7 nh\u01b0 \u0111\u00e3 cam k\u1ebft, v\u1edbi ch\u1ea5t l\u01b0\u1ee3ng ph\u1ee5c v\u1ee5 t\u1ed1t nh\u1ea5t.<\/span><\/p>\n<p><span style=\"color: #282828;\">\u2013 Ch\u00fang t\u00f4i s\u1ebd mua b\u1ea3o hi\u1ec3m du l\u1ecbch cho qu\u00fd kh\u00e1ch v\u1edbi m\u1ee9c \u0111\u1ec1n b\u00f9 t\u1ed1i \u0111a l\u00ean \u0111\u1ebfn 10.000.000 VN\u0110 trong m\u1ed7i tr\u01b0\u1eddng h\u1ee3p x\u1ea3y ra.<\/span><\/p>\n<p><span style=\"color: #282828;\">\u2013 Lu\u00f4n s\u1eb5n l\u00f2ng cung c\u1ea5p h\u01b0\u1edbng d\u1eabn chi ti\u1ebft v\u00e0 h\u1ed7 tr\u1ee3 t\u00ecm hi\u1ec3u th\u00f4ng tin li\u00ean quan \u0111\u1ebfn chuy\u1ebfn \u0111i, \u0111\u1ec3 qu\u00fd kh\u00e1ch c\u00f3 m\u1ed9t tr\u1ea3i nghi\u1ec7m du l\u1ecbch su\u00f4n s\u1ebb v\u00e0 \u0111\u00e1ng nh\u1edb.<\/span><\/p>\n<\/div>\n","protected":false},"excerpt":{"rendered":"<p>C\u00e1c \u0110i\u1ec1u Kho\u1ea3n Quan Tr\u1ecdng \u0110i\u1ec1u Kho\u1ea3n Xin qu\u00fd kh\u00e1ch vui l\u00f2ng xem x\u00e9t k\u1ef9 c\u00e1c \u0111i\u1ec1u kho\u1ea3n v\u00e0 \u0111i\u1ec1u ki\u1ec7n li\u00ean quan \u0111\u1ebfn vi\u1ec7c \u0111\u1eb7t tour du l\u1ecbch \u0110\u00e0 N\u1eb5ng ho\u1eb7c c\u00e1c tour du l\u1ecbch trong n\u01b0\u1edbc. \u0110\u1ec3 th\u1ef1c hi\u1ec7n \u0111i\u1ec1u n\u00e0y, c\u00f3 th\u1ec3 truy c\u1eadp v\u00e0o trang web Dulichfree.com ho\u1eb7c g\u1ecdi \u0111\u1ebfn s\u1ed1 &#8230; <a title=\"Ch\u00ednh s\u00e1ch v\u00e0 \u0111i\u1ec1u kho\u1ea3ng\" class=\"read-more\" href=\"https:\/\/dulichfree.com\/staging\/chinh-sach-va-dieu-khoang\/\" aria-label=\"Read more about Ch\u00ednh s\u00e1ch v\u00e0 \u0111i\u1ec1u kho\u1ea3ng\">Read more<\/a><\/p>\n","protected":false},"author":1,"featured_media":0,"parent":0,"menu_order":0,"comment_status":"closed","ping_status":"closed","template":"","meta":{"footnotes":""},"class_list":["post-28","page","type-page","status-publish"],"acf":[],"_links":{"self":[{"href":"https:\/\/dulichfree.com\/staging\/wp-json\/wp\/v2\/pages\/28","targetHints":{"allow":["GET"]}}],"collection":[{"href":"https:\/\/dulichfree.com\/staging\/wp-json\/wp\/v2\/pages"}],"about":[{"href":"https:\/\/dulichfree.com\/staging\/wp-json\/wp\/v2\/types\/page"}],"author":[{"embeddable":true,"href":"https:\/\/dulichfree.com\/staging\/wp-json\/wp\/v2\/users\/1"}],"replies":[{"embeddable":true,"href":"https:\/\/dulichfree.com\/staging\/wp-json\/wp\/v2\/comments?post=28"}],"version-history":[{"count":2,"href":"https:\/\/dulichfree.com\/staging\/wp-json\/wp\/v2\/pages\/28\/revisions"}],"predecessor-version":[{"id":786,"href":"https:\/\/dulichfree.com\/staging\/wp-json\/wp\/v2\/pages\/28\/revisions\/786"}],"wp:attachment":[{"href":"https:\/\/dulichfree.com\/staging\/wp-json\/wp\/v2\/media?parent=28"}],"curies":[{"name":"wp","href":"https:\/\/api.w.org\/{rel}","templated":true}]}}