{"id":787,"date":"2023-07-31T09:25:42","date_gmt":"2023-07-31T02:25:42","guid":{"rendered":"https:\/\/dulichfree.com\/staging\/?page_id=787"},"modified":"2023-07-31T09:40:29","modified_gmt":"2023-07-31T02:40:29","slug":"bao-mat-thong-tin-khach-hang","status":"publish","type":"page","link":"https:\/\/dulichfree.com\/staging\/bao-mat-thong-tin-khach-hang\/","title":{"rendered":"B\u1ea2O M\u1eacT TH\u00d4NG TIN KH\u00c1CH H\u00c0NG"},"content":{"rendered":"<h1 style=\"text-align: center;\"><strong>B\u1ea2O M\u1eacT TH\u00d4NG TIN KH\u00c1CH H\u00c0NG<\/strong><\/h1>\n<h2><strong>1. M\u1ee4C \u0110\u00cdCH V\u00c0 PH\u1ea0M VI THU TH\u1eacP<\/strong><\/h2>\n<p>\u0110\u1ec3 ti\u1ebfp c\u1eadn v\u00e0 s\u1eed d\u1ee5ng m\u1ed9t s\u1ed1 d\u1ecbch v\u1ee5 t\u1ea1i trang web <strong><a href=\"https:\/\/dulichfree.com\/staging\/\">Dulichfree<\/a><\/strong>\u00a0qu\u00fd kh\u00e1ch s\u1ebd c\u00f3 th\u1ec3 \u0111\u01b0\u1ee3c y\u00eau c\u1ea7u cung c\u1ea5p th\u00f4ng tin c\u00e1 nh\u00e2n sau: H\u1ecd t\u00ean, \u0111\u1ecba ch\u1ec9 email, s\u1ed1 \u0111i\u1ec7n tho\u1ea1i li\u00ean l\u1ea1c v\u00e0 \u0111\u1ecba ch\u1ec9.<\/p>\n<p>Ngo\u00e0i ra, ch\u00fang t\u00f4i thu th\u1eadp th\u00f4ng tin li\u00ean quan \u0111\u1ebfn ho\u1ea1t \u0111\u1ed9ng c\u1ee7a qu\u00fd kh\u00e1ch tr\u00ean trang web, bao g\u1ed3m s\u1ed1 l\u1ea7n gh\u00e9 th\u0103m, s\u1ed1 trang qu\u00fd kh\u00e1ch \u0111\u00e3 xem, s\u1ed1 l\u1ea7n click v\u00e0o c\u00e1c li\u00ean k\u1ebft, v\u00e0 c\u00e1c th\u00f4ng tin kh\u00e1c li\u00ean quan \u0111\u1ebfn vi\u1ec7c k\u1ebft n\u1ed1i c\u1ee7a qu\u00fd kh\u00e1ch v\u1edbi Dulichfree. Th\u00eam v\u00e0o \u0111\u00f3, ch\u00fang t\u00f4i c\u0169ng thu th\u1eadp th\u00f4ng tin v\u1ec1 tr\u00ecnh duy\u1ec7t web (browser) m\u00e0 qu\u00fd kh\u00e1ch s\u1eed d\u1ee5ng m\u1ed7i khi truy c\u1eadp v\u00e0o trang web Dulichfree.com, bao g\u1ed3m \u0111\u1ecba ch\u1ec9 IP, lo\u1ea1i tr\u00ecnh duy\u1ec7t, ng\u00f4n ng\u1eef s\u1eed d\u1ee5ng, th\u1eddi gian v\u00e0 \u0111\u1ecba ch\u1ec9 m\u00e0 tr\u00ecnh duy\u1ec7t truy c\u1eadp v\u00e0o.<\/p>\n<p><span style=\"color: #282828;\"><strong><span style=\"font-size: 23.04px;\">2. PH\u1ea0M VI S\u1eec D\u1ee4NG TH\u00d4NG TIN<\/span><\/strong><\/span><\/p>\n<p><span style=\"color: #282828;\">Du L\u1ecbch Free s\u1eed d\u1ee5ng d\u1eef li\u1ec7u m\u00e0 kh\u00e1ch h\u00e0ng cung c\u1ea5p \u0111\u1ec3<\/span><\/p>\n<ul>\n<li><span style=\"color: #282828;\">H\u1ed7 tr\u1ee3 kh\u00e1ch h\u00e0ng khi mua s\u1ea3n ph\u1ea9m\/ d\u1ecbch v\u1ee5<\/span><\/li>\n<li><span style=\"color: #282828;\">Gi\u1ea3i \u0111\u00e1p th\u1eafc m\u1eafc kh\u00e1ch h\u00e0ng<\/span><\/li>\n<li><span style=\"color: #282828;\">Cung c\u1ea5p cho kh\u00e1ch h\u00e0ng th\u00f4ng tin m\u1edbi tr\u00ean website m\u00e0 kh\u00e1ch h\u00e0ng c\u00f3 th\u1ec3 quan t\u00e2m, th\u1ef1c hi\u1ec7n c\u00e1c kh\u1ea3o s\u00e1t kh\u00e1ch h\u00e0ng, c\u00e1c ho\u1ea1t \u0111\u1ed9ng qu\u1ea3ng b\u00e1 li\u00ean quan \u0111\u1ebfn c\u00e1c s\u1ea3n ph\u1ea9m v\u00e0 d\u1ecbch v\u1ee5 c\u1ee7a Dulichfree.com n\u1ebfu qu\u00fd kh\u00e1ch ch\u1ea5p nh\u1eadn email th\u00f4ng b\u00e1o.<\/span><\/li>\n<\/ul>\n<h2><strong>3. TH\u1edcI GIAN L\u01afU TR\u1eee TH\u00d4NG TIN<\/strong><\/h2>\n<p><span style=\"color: #282828;\">D\u1eef li\u1ec7u c\u00e1 nh\u00e2n c\u1ee7a kh\u00e1ch h\u00e0ng \u0111\u01b0\u1ee3c l\u01b0u tr\u1eef cho \u0111\u1ebfn khi kh\u00e1ch h\u00e0ng c\u00f3 y\u00eau c\u1ea7u h\u1ee7y b\u1ecf. C\u00f2n l\u1ea1i trong m\u1ecdi tr\u01b0\u1eddng h\u1ee3p th\u00f4ng tin c\u00e1 nh\u00e2n c\u1ee7a kh\u00e1ch h\u00e0ng s\u1ebd \u0111\u01b0\u1ee3c b\u1ea3o m\u1eadt tr\u00ean m\u00e1y ch\u1ee7 c\u1ee7a Dulichfree.com<\/span><\/p>\n<h2><strong>4. \u0110\u1ecaA CH\u1ec8 C\u1ee6A \u0110\u01a0N V\u1eca THU TH\u1eacP V\u00c0 QU\u1ea2N L\u00dd TH\u00d4NG TIN C\u00c1 NH\u00c2N<\/strong><\/h2>\n<ul>\n<li><b>\u0110\u1ecba ch\u1ec9<\/b><b>:<\/b> 159 Ph\u00f3 \u0110\u1ee9c Ch\u00ednh, An H\u1ea3i B\u1eafc, S\u01a1n Tr\u00e0, \u0110\u00e0 N\u1eb5ng<\/li>\n<li><strong>S\u1ed1 \u0111i\u1ec7n tho\u1ea1i: <a href=\"tel:0708501660\">070.850.1660<\/a><\/strong><\/li>\n<li><strong>Email:<\/strong>\u00a0\u00a0<strong><a href=\"mailto:dulichfreee@gmail.com\" target=\"_blank\" rel=\"noopener noreferrer\">dulichfreee@gmail.com<\/a><\/strong><\/li>\n<li><strong>Website: <span style=\"color: #282828;\">Dulichfree.com<\/span><\/strong><\/li>\n<\/ul>\n<h2><strong>5. PH\u01af\u01a0NG TI\u1ec6N V\u00c0 C\u00d4NG C\u1ee4 \u0110\u1ec2 NG\u01af\u1edcI D\u00d9NG TI\u1ebeP C\u1eacN V\u00c0 CH\u1ec8NH S\u1eecA D\u1eee LI\u1ec6U C\u00c1 NH\u00c2N C\u1ee6A M\u00ccNH.<\/strong><\/h2>\n<p><span style=\"color: #282828;\">Kh\u00e1ch h\u00e0ng c\u00f3 quy\u1ec1n y\u00eau c\u1ea7u Dulichfee.com c\u1eadp nh\u1eadt, \u0111i\u1ec1u ch\u1ec9nh ho\u1eb7c h\u1ee7y th\u00f4ng tin c\u00e1 nh\u00e2n c\u1ee7a m\u00ecnh.<\/span><\/p>\n<h2><strong>6. CAM K\u1ebeT B\u1ea2O M\u1eacT TH\u00d4NG TIN<\/strong><\/h2>\n<p><span style=\"color: #282828;\">Ch\u00fang t\u00f4i cam k\u1ebft b\u1ea3o m\u1eadt th\u00f4ng tin c\u00e1 nh\u00e2n c\u1ee7a kh\u00e1ch h\u00e0ng tr\u00ean Dulichfree.com theo ch\u00ednh s\u00e1ch b\u1ea3o v\u1ec7 th\u00f4ng tin c\u00e1 nh\u00e2n c\u1ee7a c\u00f4ng ty du l\u1ecbch \u0110\u00e0 N\u1eb5ng. Ch\u00fang t\u00f4i s\u1ebd ch\u1ec9 thu th\u1eadp v\u00e0 x\u1eed l\u00fd th\u00f4ng tin c\u00e1 nh\u00e2n c\u1ee7a kh\u00e1ch h\u00e0ng khi nh\u1eadn \u0111\u01b0\u1ee3c s\u1ef1 \u0111\u1ed3ng \u00fd t\u1eeb h\u1ecd, tr\u1eeb khi c\u00f3 quy \u0111\u1ecbnh kh\u00e1c t\u1eeb ph\u00e1p lu\u1eadt.<\/span><\/p>\n<p><span style=\"color: #282828;\">Ch\u00fang t\u00f4i kh\u00f4ng s\u1eed d\u1ee5ng, chuy\u1ec3n giao, cung c\u1ea5p hay ti\u1ebft l\u1ed9 th\u00f4ng tin c\u00e1 nh\u00e2n c\u1ee7a kh\u00e1ch h\u00e0ng cho b\u1ea5t k\u1ef3 b\u00ean th\u1ee9 ba n\u00e0o m\u00e0 kh\u00f4ng c\u00f3 s\u1ef1 cho ph\u00e9p \u0111\u1ed3ng \u00fd c\u1ee7a kh\u00e1ch h\u00e0ng.<\/span><\/p>\n<p><span style=\"color: #282828;\">Trong tr\u01b0\u1eddng h\u1ee3p m\u00e1y ch\u1ee7 l\u01b0u tr\u1eef th\u00f4ng tin b\u1ecb t\u1ea5n c\u00f4ng b\u1edfi hacker d\u1eabn \u0111\u1ebfn m\u1ea5t m\u00e1t d\u1eef li\u1ec7u c\u00e1 nh\u00e2n c\u1ee7a kh\u00e1ch h\u00e0ng, Dulichfree.com s\u1ebd ch\u1ecbu tr\u00e1ch nhi\u1ec7m th\u00f4ng b\u00e1o s\u1ef1 vi\u1ec7c cho c\u01a1 quan ch\u1ee9c n\u0103ng \u0111\u1ec3 \u0111i\u1ec1u tra v\u00e0 x\u1eed l\u00fd k\u1ecbp th\u1eddi, \u0111\u1ed3ng th\u1eddi th\u00f4ng b\u00e1o cho kh\u00e1ch h\u00e0ng li\u00ean quan.<\/span><\/p>\n<p><span style=\"color: #282828;\">Ch\u00fang t\u00f4i y\u00eau c\u1ea7u kh\u00e1ch h\u00e0ng cung c\u1ea5p \u0111\u1ea7y \u0111\u1ee7 th\u00f4ng tin c\u00e1 nh\u00e2n c\u00f3 li\u00ean quan nh\u01b0 h\u1ecd v\u00e0 t\u00ean, \u0111\u1ecba ch\u1ec9 li\u00ean l\u1ea1c, email, s\u1ed1 \u0111i\u1ec7n tho\u1ea1i&#8230; khi mua h\u00e0ng v\u00e0 ch\u1ecbu tr\u00e1ch nhi\u1ec7m v\u1ec1 t\u00ednh ph\u00e1p l\u00fd c\u1ee7a nh\u1eefng th\u00f4ng tin n\u00e0y. N\u1ebfu x\u00e9t th\u1ea5y r\u1eb1ng th\u00f4ng tin c\u00e1 nh\u00e2n m\u00e0 kh\u00e1ch h\u00e0ng cung c\u1ea5p khi \u0111\u0103ng k\u00fd ban \u0111\u1ea7u l\u00e0 kh\u00f4ng ch\u00ednh x\u00e1c, ch\u00fang t\u00f4i kh\u00f4ng ch\u1ecbu tr\u00e1ch nhi\u1ec7m c\u0169ng nh\u01b0 kh\u00f4ng gi\u1ea3i quy\u1ebft m\u1ecdi khi\u1ebfu n\u1ea1i li\u00ean quan \u0111\u1ebfn quy\u1ec1n l\u1ee3i c\u1ee7a kh\u00e1ch h\u00e0ng \u0111\u00f3.<\/span><\/p>\n","protected":false},"excerpt":{"rendered":"<p>B\u1ea2O M\u1eacT TH\u00d4NG TIN KH\u00c1CH H\u00c0NG 1. M\u1ee4C \u0110\u00cdCH V\u00c0 PH\u1ea0M VI THU TH\u1eacP \u0110\u1ec3 ti\u1ebfp c\u1eadn v\u00e0 s\u1eed d\u1ee5ng m\u1ed9t s\u1ed1 d\u1ecbch v\u1ee5 t\u1ea1i trang web Dulichfree\u00a0qu\u00fd kh\u00e1ch s\u1ebd c\u00f3 th\u1ec3 \u0111\u01b0\u1ee3c y\u00eau c\u1ea7u cung c\u1ea5p th\u00f4ng tin c\u00e1 nh\u00e2n sau: H\u1ecd t\u00ean, \u0111\u1ecba ch\u1ec9 email, s\u1ed1 \u0111i\u1ec7n tho\u1ea1i li\u00ean l\u1ea1c v\u00e0 \u0111\u1ecba ch\u1ec9. &#8230; <a title=\"B\u1ea2O M\u1eacT TH\u00d4NG TIN KH\u00c1CH H\u00c0NG\" class=\"read-more\" href=\"https:\/\/dulichfree.com\/staging\/bao-mat-thong-tin-khach-hang\/\" aria-label=\"Read more about B\u1ea2O M\u1eacT TH\u00d4NG TIN KH\u00c1CH H\u00c0NG\">Read more<\/a><\/p>\n","protected":false},"author":1,"featured_media":0,"parent":0,"menu_order":0,"comment_status":"closed","ping_status":"closed","template":"","meta":{"footnotes":""},"class_list":["post-787","page","type-page","status-publish"],"acf":[],"_links":{"self":[{"href":"https:\/\/dulichfree.com\/staging\/wp-json\/wp\/v2\/pages\/787","targetHints":{"allow":["GET"]}}],"collection":[{"href":"https:\/\/dulichfree.com\/staging\/wp-json\/wp\/v2\/pages"}],"about":[{"href":"https:\/\/dulichfree.com\/staging\/wp-json\/wp\/v2\/types\/page"}],"author":[{"embeddable":true,"href":"https:\/\/dulichfree.com\/staging\/wp-json\/wp\/v2\/users\/1"}],"replies":[{"embeddable":true,"href":"https:\/\/dulichfree.com\/staging\/wp-json\/wp\/v2\/comments?post=787"}],"version-history":[{"count":2,"href":"https:\/\/dulichfree.com\/staging\/wp-json\/wp\/v2\/pages\/787\/revisions"}],"predecessor-version":[{"id":797,"href":"https:\/\/dulichfree.com\/staging\/wp-json\/wp\/v2\/pages\/787\/revisions\/797"}],"wp:attachment":[{"href":"https:\/\/dulichfree.com\/staging\/wp-json\/wp\/v2\/media?parent=787"}],"curies":[{"name":"wp","href":"https:\/\/api.w.org\/{rel}","templated":true}]}}