{"id":789,"date":"2023-07-31T09:31:10","date_gmt":"2023-07-31T02:31:10","guid":{"rendered":"https:\/\/dulichfree.com\/staging\/?page_id=789"},"modified":"2023-07-31T09:32:44","modified_gmt":"2023-07-31T02:32:44","slug":"khieu-nai-dich-vu","status":"publish","type":"page","link":"https:\/\/dulichfree.com\/staging\/khieu-nai-dich-vu\/","title":{"rendered":"KHI\u1ebeU N\u1ea0I D\u1ecaCH V\u1ee4"},"content":{"rendered":"<h1><span style=\"color: #000080; font-size: 90%;\"><strong>KHI\u1ebeU N\u1ea0I D\u1ecaCH V\u1ee4 DU L\u1ecaCH FREE<\/strong><\/span><\/h1>\n<p><a href=\"https:\/\/dulichfree.com\/staging\/\"><strong>Du L\u1ecbch Free<\/strong><\/a> <span style=\"color: #282828;\">xin ch\u00e2n th\u00e0nh c\u1ea3m \u01a1n s\u1ef1 tin t\u01b0\u1edfng v\u00e0 \u1ee7ng h\u1ed9 c\u1ee7a qu\u00fd kh\u00e1ch h\u00e0ng trong su\u1ed1t th\u1eddi gian qua. V\u1edbi 12 n\u0103m kinh nghi\u1ec7m \u0111i\u1ec1u h\u00e0nh c\u00e1c tour du l\u1ecbch t\u1ea1i mi\u1ec1n Trung, ch\u00fang t\u00f4i t\u1ef1 h\u00e0o l\u00e0 c\u00f4ng ty chuy\u00ean nghi\u1ec7p v\u00e0 uy t\u00edn nh\u1ea5t t\u1ea1i \u0110\u00e0 N\u1eb5ng.<\/span><\/p>\n<p><span style=\"color: #282828;\">Ch\u00fang t\u00f4i lu\u00f4n h\u01b0\u1edbng t\u1edbi ph\u01b0\u01a1ng ch\u00e2m &#8220;S\u1ef1 H\u00e0i L\u00f2ng C\u1ee7a Kh\u00e1ch H\u00e0ng L\u00e0 Ni\u1ec1m Vinh D\u1ef1 C\u1ee7a Ch\u00fang T\u00f4i&#8221;. Do \u0111\u00f3, n\u1ebfu qu\u00fd kh\u00e1ch c\u00f3 b\u1ea5t k\u1ef3 ph\u1ea3n h\u1ed3i hay ph\u00e0n n\u00e0n n\u00e0o li\u00ean quan \u0111\u1ebfn ch\u1ea5t l\u01b0\u1ee3ng d\u1ecbch v\u1ee5, d\u00f9 l\u00e0 nh\u1ecf nh\u1ea5t, xin vui l\u00f2ng li\u00ean h\u1ec7 tr\u1ef1c ti\u1ebfp qua s\u1ed1 \u0111i\u1ec7n tho\u1ea1i:<\/span> <a href=\"tel:0708501660\"><strong>070.850.1660<\/strong><\/a> <span style=\"color: #282828;\">\u0111\u1ec3 b\u1ed9 ph\u1eadn \u0111i\u1ec1u h\u00e0nh x\u1eed l\u00fd nhanh ch\u00f3ng.<\/span><\/p>\n<p><span style=\"color: #282828;\">Ch\u00fang t\u00f4i r\u1ea5t mong nh\u1eadn \u0111\u01b0\u1ee3c nh\u1eefng g\u00f3p \u00fd ch\u00e2n th\u00e0nh t\u1eeb qu\u00fd kh\u00e1ch, gi\u00fap Dulichfree ng\u00e0y c\u00e0ng ph\u00e1t tri\u1ec3n v\u00e0 n\u00e2ng cao ch\u1ea5t l\u01b0\u1ee3ng d\u1ecbch v\u1ee5. Qu\u00fd kh\u00e1ch c\u0169ng c\u00f3 th\u1ec3 nh\u1eadp th\u00f4ng tin v\u00e0o h\u00f2m th\u01b0 v\u00e0 ch\u00fang t\u00f4i cam k\u1ebft s\u1ebd ti\u1ebfp nh\u1eadn v\u00e0 x\u1eed l\u00fd sau 10 ph\u00fat k\u1ec3 t\u1eeb khi nh\u1eadn \u0111\u01b0\u1ee3c th\u00f4ng tin.<\/span><\/p>\n\n<div class=\"wpcf7 no-js\" id=\"wpcf7-f6-o1\" lang=\"vi\" dir=\"ltr\" data-wpcf7-id=\"6\">\n<div class=\"screen-reader-response\"><p role=\"status\" aria-live=\"polite\" aria-atomic=\"true\"><\/p> <ul><\/ul><\/div>\n<form action=\"\/staging\/wp-json\/wp\/v2\/pages\/789#wpcf7-f6-o1\" method=\"post\" class=\"wpcf7-form init\" aria-label=\"Form li\u00ean h\u1ec7\" novalidate=\"novalidate\" data-status=\"init\">\n<fieldset class=\"hidden-fields-container\"><input type=\"hidden\" name=\"_wpcf7\" value=\"6\" \/><input type=\"hidden\" name=\"_wpcf7_version\" value=\"6.1.4\" \/><input type=\"hidden\" name=\"_wpcf7_locale\" value=\"vi\" \/><input type=\"hidden\" name=\"_wpcf7_unit_tag\" value=\"wpcf7-f6-o1\" \/><input type=\"hidden\" name=\"_wpcf7_container_post\" value=\"0\" \/><input type=\"hidden\" name=\"_wpcf7_posted_data_hash\" value=\"\" \/>\n<\/fieldset>\n<p><label> Your name<br \/>\n<span class=\"wpcf7-form-control-wrap\" data-name=\"your-name\"><input size=\"40\" maxlength=\"400\" class=\"wpcf7-form-control wpcf7-text wpcf7-validates-as-required\" autocomplete=\"name\" aria-required=\"true\" aria-invalid=\"false\" value=\"\" type=\"text\" name=\"your-name\" \/><\/span> <\/label>\n<\/p>\n<p><label> Your email<br \/>\n<span class=\"wpcf7-form-control-wrap\" data-name=\"your-email\"><input size=\"40\" maxlength=\"400\" class=\"wpcf7-form-control wpcf7-email wpcf7-validates-as-required wpcf7-text wpcf7-validates-as-email\" autocomplete=\"email\" aria-required=\"true\" aria-invalid=\"false\" value=\"\" type=\"email\" name=\"your-email\" \/><\/span> <\/label>\n<\/p>\n<p><label> Subject<br \/>\n<span class=\"wpcf7-form-control-wrap\" data-name=\"your-subject\"><input size=\"40\" maxlength=\"400\" class=\"wpcf7-form-control wpcf7-text wpcf7-validates-as-required\" aria-required=\"true\" aria-invalid=\"false\" value=\"\" type=\"text\" name=\"your-subject\" \/><\/span> <\/label>\n<\/p>\n<p><label> Your message (optional)<br \/>\n<span class=\"wpcf7-form-control-wrap\" data-name=\"your-message\"><textarea cols=\"40\" rows=\"10\" maxlength=\"2000\" class=\"wpcf7-form-control wpcf7-textarea\" aria-invalid=\"false\" name=\"your-message\"><\/textarea><\/span> <\/label>\n<\/p>\n<p><input class=\"wpcf7-form-control wpcf7-submit has-spinner\" type=\"submit\" value=\"Submit\" \/>\n<\/p><div class=\"wpcf7-response-output\" aria-hidden=\"true\"><\/div>\n<\/form>\n<\/div>\n\n","protected":false},"excerpt":{"rendered":"<p>KHI\u1ebeU N\u1ea0I D\u1ecaCH V\u1ee4 DU L\u1ecaCH FREE Du L\u1ecbch Free xin ch\u00e2n th\u00e0nh c\u1ea3m \u01a1n s\u1ef1 tin t\u01b0\u1edfng v\u00e0 \u1ee7ng h\u1ed9 c\u1ee7a qu\u00fd kh\u00e1ch h\u00e0ng trong su\u1ed1t th\u1eddi gian qua. V\u1edbi 12 n\u0103m kinh nghi\u1ec7m \u0111i\u1ec1u h\u00e0nh c\u00e1c tour du l\u1ecbch t\u1ea1i mi\u1ec1n Trung, ch\u00fang t\u00f4i t\u1ef1 h\u00e0o l\u00e0 c\u00f4ng ty chuy\u00ean nghi\u1ec7p v\u00e0 uy &#8230; <a title=\"KHI\u1ebeU N\u1ea0I D\u1ecaCH V\u1ee4\" class=\"read-more\" href=\"https:\/\/dulichfree.com\/staging\/khieu-nai-dich-vu\/\" aria-label=\"Read more about KHI\u1ebeU N\u1ea0I D\u1ecaCH V\u1ee4\">Read more<\/a><\/p>\n","protected":false},"author":1,"featured_media":0,"parent":0,"menu_order":0,"comment_status":"closed","ping_status":"closed","template":"","meta":{"footnotes":""},"class_list":["post-789","page","type-page","status-publish"],"acf":[],"_links":{"self":[{"href":"https:\/\/dulichfree.com\/staging\/wp-json\/wp\/v2\/pages\/789","targetHints":{"allow":["GET"]}}],"collection":[{"href":"https:\/\/dulichfree.com\/staging\/wp-json\/wp\/v2\/pages"}],"about":[{"href":"https:\/\/dulichfree.com\/staging\/wp-json\/wp\/v2\/types\/page"}],"author":[{"embeddable":true,"href":"https:\/\/dulichfree.com\/staging\/wp-json\/wp\/v2\/users\/1"}],"replies":[{"embeddable":true,"href":"https:\/\/dulichfree.com\/staging\/wp-json\/wp\/v2\/comments?post=789"}],"version-history":[{"count":5,"href":"https:\/\/dulichfree.com\/staging\/wp-json\/wp\/v2\/pages\/789\/revisions"}],"predecessor-version":[{"id":794,"href":"https:\/\/dulichfree.com\/staging\/wp-json\/wp\/v2\/pages\/789\/revisions\/794"}],"wp:attachment":[{"href":"https:\/\/dulichfree.com\/staging\/wp-json\/wp\/v2\/media?parent=789"}],"curies":[{"name":"wp","href":"https:\/\/api.w.org\/{rel}","templated":true}]}}