{"id":366,"date":"2023-03-13T08:35:59","date_gmt":"2023-03-13T01:35:59","guid":{"rendered":"https:\/\/dulichfree.com\/staging\/?post_type=product&#038;p=366"},"modified":"2023-03-26T16:59:36","modified_gmt":"2023-03-26T09:59:36","slug":"tour-ha-noi-1-ngay","status":"publish","type":"product","link":"https:\/\/dulichfree.com\/staging\/tour-ha-noi-1-ngay\/","title":{"rendered":"Tour H\u00e0 N\u1ed9i 1 ng\u00e0y"},"content":{"rendered":"<p><strong>Tour H\u00e0 N\u1ed9i 1 ng\u00e0y<\/strong> l\u00e0 chuy\u1ebfn \u0111i tham quan th\u1ee7 \u0111\u00f4 H\u00e0 N\u1ed9i &#8211; m\u1ed9t trong nh\u1eefng \u0111i\u1ec3m \u0111\u1ebfn du l\u1ecbch quan tr\u1ecdng nh\u1ea5t c\u1ee7a Vi\u1ec7t Nam. Bu\u1ed5i s\u00e1ng, du kh\u00e1ch s\u1ebd \u0111\u01b0\u1ee3c \u0111\u00f3n t\u1ea1i kh\u00e1ch s\u1ea1n trung t\u00e2m ph\u1ed1 C\u1ed5 ho\u1eb7c Nh\u00e0 h\u00e1t l\u1edbn \u0111\u1ec3 b\u1eaft \u0111\u1ea7u ch\u01b0\u01a1ng tr\u00ecnh tham quan.<\/p>\n<p><strong>\u0110i\u1ec3m \u0111\u1ebfn \u0111\u1ea7u ti\u00ean trong tour<\/strong> l\u00e0 Ch\u00f9a Tr\u1ea5n Qu\u1ed1c &#8211; m\u1ed9t trong nh\u1eefng ng\u00f4i ch\u00f9a l\u00e2u \u0111\u1eddi nh\u1ea5t t\u1ea1i H\u00e0 N\u1ed9i. Sau \u0111\u00f3, du kh\u00e1ch s\u1ebd th\u0103m quan Khu di t\u00edch L\u0103ng Ch\u1ee7 t\u1ecbch H\u1ed3 Ch\u00ed Minh v\u1edbi nh\u1eefng \u0111i\u1ec3m \u0111\u1ebfn nh\u01b0 L\u0103ng Ch\u1ee7 t\u1ecbch H\u1ed3 Ch\u00ed Minh, Nh\u00e0 s\u00e0n B\u00e1c H\u1ed3, Ch\u00f9a M\u1ed9t C\u1ed9t v\u00e0 B\u1ea3o t\u00e0ng H\u1ed3 Ch\u00ed Minh.<\/p>\n<p>\u0110o\u00e0n s\u1ebd tham quan m\u1ed9t trong hai \u0111\u1ecba \u0111i\u1ec3m v\u00e0o l\u00fac 11h tr\u01b0a: B\u1ea3o t\u00e0ng D\u00e2n t\u1ed9c h\u1ecdc ho\u1eb7c B\u1ea3o t\u00e0ng ph\u1ee5 n\u1eef Vi\u1ec7t Nam v\u00e0o c\u00e1c ng\u00e0y th\u1ee9 2, 4, 6; ho\u1eb7c B\u1ea3o t\u00e0ng D\u00e2n t\u1ed9c h\u1ecdc v\u00e0o c\u00e1c ng\u00e0y th\u1ee9 3, 5, 7 v\u00e0 Ch\u1ee7 nh\u1eadt. Sau \u0111\u00f3, du kh\u00e1ch s\u1ebd \u0111\u01b0\u1ee3c \u0111\u01b0a \u0111\u1ebfn nh\u00e0 h\u00e0ng \u0111\u1ec3 d\u00f9ng b\u1eefa tr\u01b0a.<\/p>\n<p><strong>Bu\u1ed5i chi\u1ec1u<\/strong>, h\u01b0\u1edbng d\u1eabn vi\u00ean s\u1ebd \u0111\u01b0a du kh\u00e1ch \u0111\u1ebfn V\u0103n Mi\u1ebfu &#8211; Qu\u1ed1c T\u1eed Gi\u00e1m, n\u01a1i \u0111\u01b0\u1ee3c coi l\u00e0 tr\u01b0\u1eddng \u0111\u1ea1i h\u1ecdc \u0111\u1ea7u ti\u00ean t\u1ea1i Vi\u1ec7t Nam v\u1edbi ki\u1ebfn tr\u00fac c\u1ed5 k\u00ednh \u0111\u1eb7c tr\u01b0ng. Sau \u0111\u00f3, du kh\u00e1ch s\u1ebd th\u0103m quan H\u1ed3 Ho\u00e0n Ki\u1ebfm v\u00e0 \u0111\u1ec1n Ng\u1ecdc S\u01a1n th\u1edd th\u00e1nh V\u0103n X\u01b0\u01a1ng v\u00e0 Tr\u1ea7n H\u01b0ng \u0110\u1ea1o, v\u1ecb t\u01b0\u1edbng n\u1ed5i danh trong l\u1ecbch s\u1eed Vi\u1ec7t Nam v\u00e0 th\u1ebf gi\u1edbi. T\u1ea1i \u0111\u00e2y, du kh\u00e1ch c\u00f3 th\u1ec3 t\u00ecm hi\u1ec3u v\u1ec1 ki\u1ebfn tr\u00fac c\u1ee7a Vi\u1ec7t Nam v\u00e0 Ph\u00e1p xung quanh h\u1ed3.<\/p>\n<p>Ch\u01b0\u01a1ng tr\u00ecnh City tour H\u00e0 N\u1ed9i k\u1ebft th\u00fac v\u00e0o l\u00fac 16h &#8211; 16h30. Xe \u00f4 t\u00f4 s\u1ebd \u0111\u01b0a du kh\u00e1ch tr\u1edf l\u1ea1i kh\u00e1ch s\u1ea1n trong ph\u1ed1 C\u1ed5 ho\u1eb7c du kh\u00e1ch c\u00f3 th\u1ec3 t\u1ef1 thu\u00ea xe x\u00edch l\u00f4 \u0111\u1ec3 d\u1ea1o quanh khu v\u1ef1c ph\u1ed1 c\u1ed5 v\u00e0 H\u1ed3 G\u01b0\u01a1m ho\u1eb7c \u0111i xem bi\u1ec3u di\u1ec5n m\u00faa r\u1ed1i n\u01b0\u1edbc (l\u1ecbch bi\u1ec3u di\u1ec5n c\u00f3 th\u1ec3 thay \u0111\u1ed5i t\u00f9y t\u1eebng giai \u0111o\u1ea1n c\u1ee5 th\u1ec3). Tour du l\u1ecbch H\u00e0 N\u1ed9i s\u1ebd mang l\u1ea1i cho du kh\u00e1ch tr\u1ea3i nghi\u1ec7m th\u00fa v\u1ecb v\u00e0 kh\u00e1m ph\u00e1 n\u00e9t \u0111\u1eb9p c\u1ed5 k\u00ednh v\u00e0 thanh<\/p>\n","protected":false},"excerpt":{"rendered":"<ul>\n<li><i class=\"fas fa-check-circle\"><\/i> Gh\u00e9 th\u0103m Ch\u00f9a Tr\u1ea5n Qu\u1ed1c, Khu di t\u00edch L\u0103ng Ch\u1ee7 t\u1ecbch H\u1ed3 Ch\u00ed Minh, B\u1ea3o t\u00e0ng H\u1ed3 Ch\u00ed Minh, Ch\u00f9a M\u1ed9t C\u1ed9t, Th\u0103m quan m\u1ed9t trong hai \u0111\u1ecba \u0111i\u1ec3m: B\u1ea3o t\u00e0ng D\u00e2n t\u1ed9c h\u1ecdc ho\u1eb7c B\u1ea3o t\u00e0ng ph\u1ee5 n\u1eef Vi\u1ec7t Nam.<\/li>\n<li><i class=\"fas fa-check-circle\"><\/i> H\u01b0\u1edbng d\u1eabn \u0111\u01b0a Qu\u00fd kh\u00e1ch \u0111i \u0103n tr\u01b0a t\u1ea1i nh\u00e0 h\u00e0ng<\/li>\n<li><i class=\"fas fa-check-circle\"><\/i> Tham quan V\u0103n Mi\u1ebfu &#8211; Qu\u1ed1c T\u1eed Gi\u00e1m, H\u1ed3 Ho\u00e0n Ki\u1ebfm v\u00e0 \u0111\u1ec1n Ng\u1ecdc S\u01a1n<\/li>\n<li><i class=\"fas fa-check-circle\"><\/i> K\u1ebft th\u00fac ch\u01b0\u01a1ng tr\u00ecnh City tour H\u00e0 N\u1ed9i, xe \u00f4 t\u00f4 \u0111\u01b0a Qu\u00fd kh\u00e1ch tr\u1edf l\u1ea1i kh\u00e1ch s\u1ea1n trong ph\u1ed1 C\u1ed5 ho\u1eb7c Qu\u00fd kh\u00e1ch c\u00f3 th\u1ec3 t\u1ef1 t\u00fac chi ph\u00ed thu\u00ea xe x\u00edch l\u00f4 d\u1ea1o m\u1ed9t v\u00f2ng khu v\u1ef1c ph\u1ed1 C\u1ed5 v\u00e0 H\u1ed3 G\u01b0\u01a1m ho\u1eb7c \u0111i xem bi\u1ec3u di\u1ec5n m\u00faa r\u1ed1i n\u01b0\u1edbc<\/li>\n<\/ul>\n","protected":false},"featured_media":653,"comment_status":"open","ping_status":"closed","template":"","meta":[],"product_brand":[],"product_cat":[65],"product_tag":[92],"class_list":{"0":"post-366","1":"product","2":"type-product","3":"status-publish","4":"has-post-thumbnail","6":"product_cat-tour-ha-noi","7":"product_tag-tour-ha-noi-1-ngay","9":"first","10":"instock","11":"taxable","12":"shipping-taxable","13":"purchasable","14":"product-type-simple"},"acf":[],"_links":{"self":[{"href":"https:\/\/dulichfree.com\/staging\/wp-json\/wp\/v2\/product\/366","targetHints":{"allow":["GET"]}}],"collection":[{"href":"https:\/\/dulichfree.com\/staging\/wp-json\/wp\/v2\/product"}],"about":[{"href":"https:\/\/dulichfree.com\/staging\/wp-json\/wp\/v2\/types\/product"}],"replies":[{"embeddable":true,"href":"https:\/\/dulichfree.com\/staging\/wp-json\/wp\/v2\/comments?post=366"}],"wp:featuredmedia":[{"embeddable":true,"href":"https:\/\/dulichfree.com\/staging\/wp-json\/wp\/v2\/media\/653"}],"wp:attachment":[{"href":"https:\/\/dulichfree.com\/staging\/wp-json\/wp\/v2\/media?parent=366"}],"wp:term":[{"taxonomy":"product_brand","embeddable":true,"href":"https:\/\/dulichfree.com\/staging\/wp-json\/wp\/v2\/product_brand?post=366"},{"taxonomy":"product_cat","embeddable":true,"href":"https:\/\/dulichfree.com\/staging\/wp-json\/wp\/v2\/product_cat?post=366"},{"taxonomy":"product_tag","embeddable":true,"href":"https:\/\/dulichfree.com\/staging\/wp-json\/wp\/v2\/product_tag?post=366"}],"curies":[{"name":"wp","href":"https:\/\/api.w.org\/{rel}","templated":true}]}}