{"id":367,"date":"2023-03-13T08:38:45","date_gmt":"2023-03-13T01:38:45","guid":{"rendered":"https:\/\/dulichfree.com\/staging\/?post_type=product&#038;p=367"},"modified":"2023-03-26T17:07:50","modified_gmt":"2023-03-26T10:07:50","slug":"tour-nha-trang-1-ngay","status":"publish","type":"product","link":"https:\/\/dulichfree.com\/staging\/tour-nha-trang-1-ngay\/","title":{"rendered":"Tour Nha Trang 1 ng\u00e0y"},"content":{"rendered":"<p><span style=\"font-size: 105%;\"><strong>Tour Nha Trang 1 ng\u00e0y<\/strong><\/span>, c\u00f2n \u0111\u01b0\u1ee3c g\u1ecdi l\u00e0 &#8220;City tour Nha Trang&#8221;, l\u00e0 m\u1ed9t trong nh\u1eefng chuy\u1ebfn \u0111i \u0111\u01b0\u1ee3c du kh\u00e1ch \u01b0a chu\u1ed9ng khi \u0111\u1ebfn v\u1edbi th\u00e0nh ph\u1ed1 n\u00e0y. Chuy\u1ebfn tour n\u00e0y s\u1ebd gi\u1edbi thi\u1ec7u \u0111\u1ebfn du kh\u00e1ch nh\u1eefng \u0111\u1ecba \u0111i\u1ec3m \u0111\u1eb9p v\u00e0 n\u1ed5i ti\u1ebfng kh\u00f4ng th\u1ec3 b\u1ecf qua \u1edf Nha Trang. Th\u1eddi l\u01b0\u1ee3ng c\u1ee7a chuy\u1ebfn tour c\u00f3 th\u1ec3 linh ho\u1ea1t ph\u00f9 h\u1ee3p v\u1edbi th\u1eddi gian c\u1ee7a du kh\u00e1ch, c\u00f3 th\u1ec3 l\u00e0 m\u1ed9t ng\u00e0y ho\u1eb7c n\u1eeda ng\u00e0y. Chuy\u1ebfn tour b\u1eaft \u0111\u1ea7u t\u1eeb 8h30 s\u00e1ng v\u00e0 k\u1ebft th\u00fac v\u00e0o l\u00fac 16h30 chi\u1ec1u, v\u00e0 \u0111\u01b0\u1ee3c t\u1ed5 ch\u1ee9c theo h\u00ecnh th\u1ee9c gh\u00e9p \u0111o\u00e0n ho\u1eb7c tr\u1ef1c ti\u1ebfp b\u1edfi c\u00f4ng ty du l\u1ecbch <a href=\"https:\/\/dulichfree.com\/staging\/\"><strong>Du L\u1ecbch Free<\/strong><\/a>.<\/p>\n<figure id=\"attachment_639\" aria-describedby=\"caption-attachment-639\" style=\"width: 690px\" class=\"wp-caption aligncenter\"><img loading=\"lazy\" decoding=\"async\" class=\"wp-image-639 size-full\" src=\"https:\/\/dulichfree.c6h5.c1.e2-9.dev\/wp-content\/uploads\/2023\/03\/nha-tho-nui-nha-trang-.jpeg\" alt=\"Tour Nha Trang 1 Ng\u00e0y\" width=\"700\" height=\"525\" title=\"\" srcset=\"https:\/\/dulichfree.c6h5.c1.e2-9.dev\/wp-content\/uploads\/2023\/03\/nha-tho-nui-nha-trang-.jpeg 700w, https:\/\/dulichfree.c6h5.c1.e2-9.dev\/wp-content\/uploads\/2023\/03\/nha-tho-nui-nha-trang-.jpeg 510w, https:\/\/dulichfree.c6h5.c1.e2-9.dev\/wp-content\/uploads\/2023\/03\/nha-tho-nui-nha-trang-.jpeg 300w\" sizes=\"auto, (max-width: 700px) 100vw, 700px\" \/><figcaption id=\"caption-attachment-639\" class=\"wp-caption-text\">Tour Nha Trang 1 Ng\u00e0y<\/figcaption><\/figure>\n<h2><strong>L\u1ecbch tr\u00ecnh Tour Nha Trang 1 ng\u00e0y t\u1ea1i Dulichfree<\/strong><\/h2>\n<ul>\n<li><span style=\"color: #282828;\"><strong>8h30<\/strong>: Xe \u0111\u00f3n qu\u00fd kh\u00e1ch t\u1ea1i kh\u00e1ch s\u1ea1n v\u00e0 b\u1eaft \u0111\u1ea7u chuy\u1ebfn tham quan c\u00e1c danh lam th\u1eafng c\u1ea3nh trong th\u00e0nh ph\u1ed1. <\/span><\/li>\n<li><span style=\"color: #282828;\"><strong>9h00<\/strong>: Tham quan Nh\u00e0 Th\u1edd N\u00fai, c\u00f4ng tr\u00ecnh mang ki\u1ebfn tr\u00fac ngh\u1ec7 thu\u1eadt \u0111\u1ed9c \u0111\u00e1o c\u1ee7a ph\u01b0\u01a1ng T\u00e2y t\u1ea1i Nha Trang. Nh\u00e0 th\u1edd \u0111\u01b0\u1ee3c kh\u1edfi c\u00f4ng x\u00e2y d\u1ef1ng v\u00e0o n\u0103m 1928, c\u00f3 h\u00ecnh d\u1ea1ng gi\u1ed1ng m\u1ed9t l\u1ea7u \u0111\u00e0i c\u1ed5 th\u1eddi La M\u00e3. <\/span><\/li>\n<li><span style=\"color: #282828;\"><strong>9h45:<\/strong> Tham quan ch\u00f9a Long S\u01a1n, ng\u00f4i ch\u00f9a c\u1ed5 k\u00ednh tr\u00ean \u0111\u1ecba b\u00e0n th\u00e0nh ph\u1ed1 Nha Trang. Ch\u00f9a \u0111\u01b0\u1ee3c x\u00e2y d\u1ef1ng v\u00e0o cu\u1ed1i th\u1ebf k\u1ef7 th\u1ee9 19 v\u00e0 \u0111\u00e3 tr\u00f9ng tu s\u1eeda ch\u1eefa v\u00e0o n\u0103m 1940. Qu\u00fd kh\u00e1ch s\u1ebd c\u00f3 c\u01a1 h\u1ed9i chi\u00eam ng\u01b0\u1ee1ng b\u1ee9c t\u01b0\u1ee3ng Kim Th\u00e2n Ph\u1eadt T\u1ed5 cao 24m ng\u1ef1 tr\u00ean \u0111\u1ec9nh \u0111\u1ed3i. <\/span><\/li>\n<li><span style=\"color: #282828;\"><strong>10h40<\/strong>: Tham quan Th\u00e1p B\u00e0 Ponagar, c\u00f4ng tr\u00ecnh ki\u1ebfn tr\u00fac v\u00e0 \u0111i\u00eau kh\u1eafc \u0111\u1ed9c \u0111\u00e1o c\u1ee7a ng\u01b0\u1eddi Ch\u0103m \u0111\u01b0\u1ee3c x\u00e2y d\u1ef1ng v\u00e0o nh\u1eefng n\u0103m 813 \u2013 817. T\u1ea1i \u0111\u00e2y, du kh\u00e1ch c\u00f3 th\u1ec3 chi\u00eam ng\u01b0\u1ee1ng c\u00e1c t\u00e1c ph\u1ea9m ngh\u1ec7 thu\u1eadt \u0111\u1eb9p m\u1eaft c\u1ee7a ng\u01b0\u1eddi Ch\u0103m. <\/span><\/li>\n<li><span style=\"color: #282828;\"><strong>11h30:<\/strong> Tham quan H\u00f2n Ch\u1ed3ng, qu\u1ea7n th\u1ec3 kh\u1ed1i \u0111\u00e1 l\u1edbn v\u1edbi \u0111\u1ee7 lo\u1ea1i h\u00ecnh th\u00f9, t\u1ea1o d\u1ef1ng trong m\u1ed9t tr\u00f2 ch\u01a1i x\u1ebfp h\u00ecnh tinh ngh\u1ecbch. Qu\u00fd kh\u00e1ch c\u00f3 th\u1ec3 xem bi\u1ec3u di\u1ec5n d\u00e2n t\u1ed9c. <\/span><\/li>\n<li><span style=\"color: #282828;\"><strong>12h30:<\/strong> D\u00f9ng c\u01a1m tr\u01b0a t\u1ea1i nh\u00e0 h\u00e0ng. Sau khi \u0103n tr\u01b0a, h\u01b0\u1edbng d\u1eabn vi\u00ean s\u1ebd t\u01b0 v\u1ea5n cho qu\u00fd kh\u00e1ch v\u1ec1 khu t\u1eafm b\u00f9n. N\u1ebfu qu\u00fd kh\u00e1ch mu\u1ed1n \u0111i t\u1eafm b\u00f9n, ch\u00fang t\u00f4i s\u1ebd ch\u1edf \u0111\u1ebfn khu t\u1eafm b\u00f9n Th\u00e1p B\u00e0. N\u1ebfu kh\u00f4ng, xe s\u1ebd \u0111\u01b0a qu\u00fd kh\u00e1ch tr\u1edf v\u1ec1 kh\u00e1ch s\u1ea1n. <\/span><\/li>\n<li><span style=\"color: #282828;\"><strong>14h00:<\/strong> T\u1ef1 t\u00fac tham quan Su\u1ed1i Kho\u00e1ng N\u00f3ng Th\u00e1p B\u00e0, m\u1ed9t lo\u1ea1i h\u00ecnh d\u1ecbch v\u1ee5 ch\u0103m s\u00f3c s\u1ee9c kho\u1ebb \u0111\u1ed9c \u0111\u00e1o. T\u1ea1i \u0111\u00e2y, du kh\u00e1ch c\u00f3 th\u1ec3 t\u1eadn h\u01b0\u1edfng n\u01b0\u1edbc kho\u00e1ng n\u00f3ng v\u00e0 b\u00f9n kho\u00e1ng Silic c\u00f3 t\u00e1c d\u1ee5ng r\u1ea5t t\u1ed1t cho s\u1ee9c kho\u1ebb v\u00e0 l\u00e0n da. Ngo\u00e0i t\u00e1c d\u1ee5ng th\u01b0 gi\u00e3n, n\u01b0\u1edbc kho\u00e1ng n\u00f3ng v\u00e0 b\u00f9n kho\u00e1ng c\u00f2n c\u00f3 t\u00e1c d\u1ee5ng ch\u1eefa b\u1ec7nh ngo\u00e0i da v\u00e0 l\u00e0m cho da m\u1ecbn m\u00e0ng, s\u00e1ng \u0111\u1eb9p h\u01a1n.<\/span><\/li>\n<li><span style=\"color: #282828;\"><strong>16h00-17h30<\/strong>: \u0110o\u00e0n t\u1eadp trung v\u00e0 xe \u0111\u01b0a Qu\u00fd kh\u00e1ch v\u1ec1 \u0111i\u1ec3m \u0111\u00f3n ban \u0111\u1ea7u. Dulichfree ch\u00e0o th\u00e2n \u00e1i v\u00e0 k\u1ebft th\u00fac ch\u01b0\u01a1ng tr\u00ecnh <strong><a href=\"https:\/\/dulichfree.com\/staging\/tour-nha-trang-1-ngay\/\">Tour Nha Trang 1 ng\u00e0y<\/a><\/strong>.<\/span><\/li>\n<\/ul>\n","protected":false},"excerpt":{"rendered":"<ul>\n<li><i class=\"fas fa-check-circle\"><\/i> Xe \u0111\u00f3n qu\u00fd kh\u00e1ch t\u1ea1i kh\u00e1ch s\u1ea1n v\u00e0 b\u1eaft \u0111\u1ea7u chuy\u1ebfn tham quan c\u00e1c danh lam th\u1eafng c\u1ea3nh trong th\u00e0nh ph\u1ed1. Tham quan Nh\u00e0 Th\u1edd N\u00fai, c\u00f4ng tr\u00ecnh mang ki\u1ebfn tr\u00fac ngh\u1ec7 thu\u1eadt \u0111\u1ed9c \u0111\u00e1o c\u1ee7a ph\u01b0\u01a1ng T\u00e2y t\u1ea1i Nha Trang. Nh\u00e0 th\u1edd \u0111\u01b0\u1ee3c kh\u1edfi c\u00f4ng x\u00e2y d\u1ef1ng v\u00e0o n\u0103m 1928, c\u00f3 h\u00ecnh d\u1ea1ng gi\u1ed1ng m\u1ed9t l\u1ea7u \u0111\u00e0i c\u1ed5 th\u1eddi La M\u00e3. Tham quan ch\u00f9a Long S\u01a1n, ng\u00f4i ch\u00f9a c\u1ed5 k\u00ednh tr\u00ean \u0111\u1ecba b\u00e0n th\u00e0nh ph\u1ed1 Nha Trang. Ch\u00f9a \u0111\u01b0\u1ee3c x\u00e2y d\u1ef1ng v\u00e0o cu\u1ed1i th\u1ebf k\u1ef7 th\u1ee9 19 v\u00e0 \u0111\u00e3 tr\u00f9ng tu s\u1eeda ch\u1eefa v\u00e0o n\u0103m 1940. Qu\u00fd kh\u00e1ch s\u1ebd c\u00f3 c\u01a1 h\u1ed9i chi\u00eam ng\u01b0\u1ee1ng b\u1ee9c t\u01b0\u1ee3ng Kim Th\u00e2n Ph\u1eadt T\u1ed5 cao 24m ng\u1ef1 tr\u00ean \u0111\u1ec9nh \u0111\u1ed3i. Tham quan Th\u00e1p B\u00e0 Ponagar, c\u00f4ng tr\u00ecnh ki\u1ebfn tr\u00fac v\u00e0 \u0111i\u00eau kh\u1eafc \u0111\u1ed9c \u0111\u00e1o c\u1ee7a ng\u01b0\u1eddi Ch\u0103m \u0111\u01b0\u1ee3c x\u00e2y d\u1ef1ng v\u00e0o nh\u1eefng n\u0103m 813 \u2013 817. T\u1ea1i \u0111\u00e2y, du kh\u00e1ch c\u00f3 th\u1ec3 chi\u00eam ng\u01b0\u1ee1ng c\u00e1c t\u00e1c ph\u1ea9m ngh\u1ec7 thu\u1eadt \u0111\u1eb9p m\u1eaft c\u1ee7a ng\u01b0\u1eddi Ch\u0103m. Tham quan H\u00f2n Ch\u1ed3ng, qu\u1ea7n th\u1ec3 kh\u1ed1i \u0111\u00e1 l\u1edbn v\u1edbi \u0111\u1ee7 lo\u1ea1i h\u00ecnh th\u00f9, t\u1ea1o d\u1ef1ng trong m\u1ed9t tr\u00f2 ch\u01a1i x\u1ebfp h\u00ecnh tinh ngh\u1ecbch. Qu\u00fd kh\u00e1ch c\u00f3 th\u1ec3 xem bi\u1ec3u di\u1ec5n d\u00e2n t\u1ed9c.<\/li>\n<li><i class=\"fas fa-check-circle\"><\/i> D\u00f9ng c\u01a1m tr\u01b0a t\u1ea1i nh\u00e0 h\u00e0ng. Sau khi \u0103n tr\u01b0a, h\u01b0\u1edbng d\u1eabn vi\u00ean s\u1ebd t\u01b0 v\u1ea5n cho qu\u00fd kh\u00e1ch v\u1ec1 khu t\u1eafm b\u00f9n. N\u1ebfu qu\u00fd kh\u00e1ch mu\u1ed1n \u0111i t\u1eafm b\u00f9n, ch\u00fang t\u00f4i s\u1ebd ch\u1edf \u0111\u1ebfn khu t\u1eafm b\u00f9n Th\u00e1p B\u00e0. N\u1ebfu kh\u00f4ng, xe s\u1ebd \u0111\u01b0a qu\u00fd kh\u00e1ch tr\u1edf v\u1ec1 kh\u00e1ch s\u1ea1n.<\/li>\n<li><i class=\"fas fa-check-circle\"><\/i> T\u1ef1 t\u00fac tham quan Su\u1ed1i Kho\u00e1ng N\u00f3ng Th\u00e1p B\u00e0, m\u1ed9t lo\u1ea1i h\u00ecnh d\u1ecbch v\u1ee5 ch\u0103m s\u00f3c s\u1ee9c kho\u1ebb \u0111\u1ed9c \u0111\u00e1o. T\u1ea1i \u0111\u00e2y, du kh\u00e1ch c\u00f3 th\u1ec3 t\u1eadn h\u01b0\u1edfng n\u01b0\u1edbc kho\u00e1ng n\u00f3ng v\u00e0 b\u00f9n kho\u00e1ng Silic c\u00f3 t\u00e1c d\u1ee5ng r\u1ea5t t\u1ed1t cho s\u1ee9c kho\u1ebb v\u00e0 l\u00e0n da. Ngo\u00e0i t\u00e1c d\u1ee5ng th\u01b0 gi\u00e3n, n\u01b0\u1edbc kho\u00e1ng n\u00f3ng v\u00e0 b\u00f9n kho\u00e1ng c\u00f2n c\u00f3 t\u00e1c d\u1ee5ng ch\u1eefa b\u1ec7nh ngo\u00e0i da v\u00e0 l\u00e0m cho da m\u1ecbn m\u00e0ng, s\u00e1ng \u0111\u1eb9p h\u01a1n.<\/li>\n<li><i class=\"fas fa-check-circle\"><\/i> \u0110o\u00e0n t\u1eadp trung v\u00e0 xe \u0111\u01b0a Qu\u00fd kh\u00e1ch v\u1ec1 \u0111i\u1ec3m \u0111\u00f3n ban \u0111\u1ea7u. Dulichfree ch\u00e0o th\u00e2n \u00e1i v\u00e0 k\u1ebft th\u00fac ch\u01b0\u01a1ng tr\u00ecnh Tour Nha Trang 1 ng\u00e0y.<\/li>\n<\/ul>\n","protected":false},"featured_media":490,"comment_status":"open","ping_status":"closed","template":"","meta":[],"product_brand":[],"product_cat":[67],"product_tag":[103],"class_list":{"0":"post-367","1":"product","2":"type-product","3":"status-publish","4":"has-post-thumbnail","6":"product_cat-tour-nha-trang","7":"product_tag-tour-nha-trang-1-ngay","9":"first","10":"instock","11":"taxable","12":"shipping-taxable","13":"purchasable","14":"product-type-simple"},"acf":[],"_links":{"self":[{"href":"https:\/\/dulichfree.com\/staging\/wp-json\/wp\/v2\/product\/367","targetHints":{"allow":["GET"]}}],"collection":[{"href":"https:\/\/dulichfree.com\/staging\/wp-json\/wp\/v2\/product"}],"about":[{"href":"https:\/\/dulichfree.com\/staging\/wp-json\/wp\/v2\/types\/product"}],"replies":[{"embeddable":true,"href":"https:\/\/dulichfree.com\/staging\/wp-json\/wp\/v2\/comments?post=367"}],"wp:featuredmedia":[{"embeddable":true,"href":"https:\/\/dulichfree.com\/staging\/wp-json\/wp\/v2\/media\/490"}],"wp:attachment":[{"href":"https:\/\/dulichfree.com\/staging\/wp-json\/wp\/v2\/media?parent=367"}],"wp:term":[{"taxonomy":"product_brand","embeddable":true,"href":"https:\/\/dulichfree.com\/staging\/wp-json\/wp\/v2\/product_brand?post=367"},{"taxonomy":"product_cat","embeddable":true,"href":"https:\/\/dulichfree.com\/staging\/wp-json\/wp\/v2\/product_cat?post=367"},{"taxonomy":"product_tag","embeddable":true,"href":"https:\/\/dulichfree.com\/staging\/wp-json\/wp\/v2\/product_tag?post=367"}],"curies":[{"name":"wp","href":"https:\/\/api.w.org\/{rel}","templated":true}]}}