{"id":368,"date":"2023-03-13T08:42:16","date_gmt":"2023-03-13T01:42:16","guid":{"rendered":"https:\/\/dulichfree.com\/staging\/?post_type=product&#038;p=368"},"modified":"2023-03-26T16:36:08","modified_gmt":"2023-03-26T09:36:08","slug":"tour-da-nang-1-ngay","status":"publish","type":"product","link":"https:\/\/dulichfree.com\/staging\/tour-da-nang-1-ngay\/","title":{"rendered":"Tour \u0110\u00e0 N\u1eb5ng 1 Ng\u00e0y"},"content":{"rendered":"<p><span style=\"color: #282828;\"><strong>Dulichfree<\/strong> t\u1ed5 ch\u1ee9c Tour tham quan \u0110\u00e0 N\u1eb5ng trong m\u1ed9t ng\u00e0y \u0111\u1ec3 kh\u00e1m ph\u00e1 c\u00e1c \u0111\u1ecba \u0111i\u1ec3m HOT trong th\u00e0nh ph\u1ed1.<\/span><\/p>\n<p><span style=\"color: #282828;\"><strong>07h30:<\/strong> Xe v\u00e0 h\u01b0\u1edbng d\u1eabn vi\u00ean Dulichfree \u0111\u00f3n kh\u00e1ch t\u1ea1i kh\u00e1ch s\u1ea1n \u0111\u1ec3 kh\u1edfi h\u00e0nh \u0111i tham quan TP \u0110\u00e0 N\u1eb5ng.<\/span><\/p>\n<p><span style=\"color: #282828;\"><strong>08h00-09h00:<\/strong> Qu\u00fd kh\u00e1ch s\u1ebd tham quan Ch\u00f9a Linh \u1ee8ng tr\u00ean b\u00e1n \u0111\u1ea3o S\u01a1n Tr\u00e0, n\u01a1i c\u00f3 t\u01b0\u1ee3ng Ph\u1eadt Quan \u00c2m cao 67m. Qu\u00fd kh\u00e1ch c\u00f3 th\u1ec3 c\u1ea7u b\u00ecnh an cho ng\u01b0\u1eddi th\u00e2n v\u00e0 gia \u0111\u00ecnh. Sau \u0111\u00f3, t\u1ef1 do tham quan c\u1ea3nh quan v\u00e0 ch\u1ee5p h\u00ecnh l\u01b0u ni\u1ec7m.<\/span><\/p>\n<p><span style=\"color: #282828;\"><strong>09h30-10h00:<\/strong> Check in t\u1ea1i C\u1ea7u T\u00ecnh Y\u00eau, tham quan c\u1ea7u R\u1ed3ng v\u00e0 ng\u1eafm to\u00e0n c\u1ea3nh th\u00e0nh ph\u1ed1 \u0110\u00e0 N\u1eb5ng th\u01a1 m\u1ed9ng b\u00ean d\u00f2ng S\u00f4ng H\u00e0n.<\/span><\/p>\n<p><span style=\"color: #282828;\"><strong>10h30-11h00:<\/strong> Tham quan C\u00f4ng vi\u00ean Apec v\u1edbi bi\u1ec3u t\u01b0\u1ee3ng h\u00ecnh c\u00e1nh di\u1ec1u, l\u00e0 \u0111\u1ecba \u0111i\u1ec3m check-in hot nh\u1ea5t c\u1ee7a \u0110\u00e0 N\u1eb5ng. Qu\u00fd kh\u00e1ch c\u0169ng c\u00f3 th\u1ec3 tham quan nh\u00e0 tr\u01b0ng b\u00e0y t\u1ea1i \u0111\u00e2y.<\/span><\/p>\n<p><span style=\"color: #282828;\"><strong>11h30:<\/strong> Qu\u00fd kh\u00e1ch s\u1ebd d\u00f9ng b\u1eefa tr\u01b0a t\u1ea1i nh\u00e0 h\u00e0ng v\u1edbi hai m\u00f3n \u0111\u1eb7c s\u1ea3n l\u00e0 b\u00e1nh tr\u00e1ng cu\u1ed1n th\u1ecbt heo v\u00e0 m\u1ef3 Qu\u1ea3ng.<\/span><\/p>\n<p><span style=\"color: #282828;\"><strong>13h30-14h00<\/strong>: \u0110o\u00e0n t\u1eadp trung v\u00e0 xe \u0111\u01b0a Qu\u00fd kh\u00e1ch v\u1ec1 c\u00e1c \u0111\u1ecba \u0111i\u1ec3m nh\u01b0 ch\u1ee3 H\u00e0n, ch\u1ee3 C\u1ed3n \u0111\u1ec3 mua s\u1eafm qu\u00e0 bi\u1ebfu cho ng\u01b0\u1eddi th\u00e2n.<\/span><\/p>\n<p><span style=\"color: #282828;\"><strong>14h00-16h00<\/strong>: Sau khi k\u1ebft th\u00fac ch\u01b0\u01a1ng tr\u00ecnh mua qu\u00e0 bi\u1ebfu v\u00e0o kho\u1ea3ng 14h00, Qu\u00fd kh\u00e1ch c\u00f3 th\u1ec3 tham quan th\u00eam m\u1ed9t s\u1ed1 \u0111\u1ecba \u0111i\u1ec3m n\u1ed5i ti\u1ebfng t\u1ea1i \u0110\u00e0 N\u1eb5ng nh\u01b0 B\u00e3i bi\u1ec3n M\u1ef9 Kh\u00ea hay c\u00f4ng vi\u00ean Asian Park. <\/span><\/p>\n<p><span style=\"color: #282828;\"><strong>16h00-17h30<\/strong>: \u0110o\u00e0n t\u1eadp trung v\u00e0 xe \u0111\u01b0a Qu\u00fd kh\u00e1ch v\u1ec1 \u0111i\u1ec3m \u0111\u00f3n ban \u0111\u1ea7u. Dulichfree ch\u00e0o th\u00e2n \u00e1i v\u00e0 k\u1ebft th\u00fac ch\u01b0\u01a1ng tr\u00ecnh Tour \u0110\u00e0 N\u1eb5ng 1 ng\u00e0y.<\/span><\/p>\n","protected":false},"excerpt":{"rendered":"<ul>\n<li><i class=\"fas fa-check-circle\"><\/i> Xe v\u00e0 h\u01b0\u1edbng d\u1eabn vi\u00ean Dulichfree \u0111\u00f3n kh\u00e1ch t\u1ea1i kh\u00e1ch s\u1ea1n \u0111\u1ec3 kh\u1edfi h\u00e0nh \u0111i tham quan TP \u0110\u00e0 N\u1eb5ng, Qu\u00fd kh\u00e1ch s\u1ebd tham quan Ch\u00f9a Linh \u1ee8ng tr\u00ean b\u00e1n \u0111\u1ea3o S\u01a1n Tr\u00e0, n\u01a1i c\u00f3 t\u01b0\u1ee3ng Ph\u1eadt Quan \u00c2m cao 67m. Qu\u00fd kh\u00e1ch c\u00f3 th\u1ec3 c\u1ea7u b\u00ecnh an cho ng\u01b0\u1eddi th\u00e2n v\u00e0 gia \u0111\u00ecnh. Sau \u0111\u00f3, t\u1ef1 do tham quan c\u1ea3nh quan v\u00e0 ch\u1ee5p h\u00ecnh l\u01b0u ni\u1ec7m. Check in t\u1ea1i C\u1ea7u T\u00ecnh Y\u00eau, tham quan c\u1ea7u R\u1ed3ng v\u00e0 ng\u1eafm to\u00e0n c\u1ea3nh th\u00e0nh ph\u1ed1 \u0110\u00e0 N\u1eb5ng th\u01a1 m\u1ed9ng b\u00ean d\u00f2ng S\u00f4ng H\u00e0n. Tham quan C\u00f4ng vi\u00ean Apec v\u1edbi bi\u1ec3u t\u01b0\u1ee3ng h\u00ecnh c\u00e1nh di\u1ec1u, l\u00e0 \u0111\u1ecba \u0111i\u1ec3m check-in hot nh\u1ea5t c\u1ee7a \u0110\u00e0 N\u1eb5ng. Qu\u00fd kh\u00e1ch c\u0169ng c\u00f3 th\u1ec3 tham quan nh\u00e0 tr\u01b0ng b\u00e0y t\u1ea1i \u0111\u00e2y.<\/li>\n<li><i class=\"fas fa-check-circle\"><\/i> Qu\u00fd kh\u00e1ch s\u1ebd d\u00f9ng b\u1eefa tr\u01b0a t\u1ea1i nh\u00e0 h\u00e0ng v\u1edbi hai m\u00f3n \u0111\u1eb7c s\u1ea3n l\u00e0 b\u00e1nh tr\u00e1ng cu\u1ed1n th\u1ecbt heo v\u00e0 m\u1ef3 Qu\u1ea3ng.<\/li>\n<li><i class=\"fas fa-check-circle\"><\/i> \u0110o\u00e0n t\u1eadp trung v\u00e0 xe \u0111\u01b0a Qu\u00fd kh\u00e1ch v\u1ec1 c\u00e1c \u0111\u1ecba \u0111i\u1ec3m nh\u01b0 ch\u1ee3 H\u00e0n, ch\u1ee3 C\u1ed3n \u0111\u1ec3 mua s\u1eafm qu\u00e0 bi\u1ebfu cho ng\u01b0\u1eddi th\u00e2n. Sau khi k\u1ebft th\u00fac ch\u01b0\u01a1ng tr\u00ecnh mua qu\u00e0 bi\u1ebfu v\u00e0o kho\u1ea3ng 14h00, Qu\u00fd kh\u00e1ch c\u00f3 th\u1ec3 tham quan th\u00eam m\u1ed9t s\u1ed1 \u0111\u1ecba \u0111i\u1ec3m n\u1ed5i ti\u1ebfng t\u1ea1i \u0110\u00e0 N\u1eb5ng nh\u01b0 B\u00e3i bi\u1ec3n M\u1ef9 Kh\u00ea hay c\u00f4ng vi\u00ean Asian Park.<\/li>\n<li><i class=\"fas fa-check-circle\"><\/i> \u0110o\u00e0n t\u1eadp trung v\u00e0 xe \u0111\u01b0a Qu\u00fd kh\u00e1ch v\u1ec1 \u0111i\u1ec3m \u0111\u00f3n ban \u0111\u1ea7u. Dulichfree ch\u00e0o th\u00e2n \u00e1i v\u00e0 k\u1ebft th\u00fac ch\u01b0\u01a1ng tr\u00ecnh Tour kh\u00e1m ph\u00e1 th\u00e0nh ph\u1ed1 \u0110\u00e0 N\u1eb5ng trong m\u1ed9t ng\u00e0y.<\/li>\n<\/ul>\n","protected":false},"featured_media":621,"comment_status":"open","ping_status":"closed","template":"","meta":[],"product_brand":[],"product_cat":[68],"product_tag":[102],"class_list":{"0":"post-368","1":"product","2":"type-product","3":"status-publish","4":"has-post-thumbnail","6":"product_cat-tour-da-nang","7":"product_tag-tour-da-nang-1-ngay","9":"first","10":"instock","11":"taxable","12":"shipping-taxable","13":"purchasable","14":"product-type-simple"},"acf":[],"_links":{"self":[{"href":"https:\/\/dulichfree.com\/staging\/wp-json\/wp\/v2\/product\/368","targetHints":{"allow":["GET"]}}],"collection":[{"href":"https:\/\/dulichfree.com\/staging\/wp-json\/wp\/v2\/product"}],"about":[{"href":"https:\/\/dulichfree.com\/staging\/wp-json\/wp\/v2\/types\/product"}],"replies":[{"embeddable":true,"href":"https:\/\/dulichfree.com\/staging\/wp-json\/wp\/v2\/comments?post=368"}],"wp:featuredmedia":[{"embeddable":true,"href":"https:\/\/dulichfree.com\/staging\/wp-json\/wp\/v2\/media\/621"}],"wp:attachment":[{"href":"https:\/\/dulichfree.com\/staging\/wp-json\/wp\/v2\/media?parent=368"}],"wp:term":[{"taxonomy":"product_brand","embeddable":true,"href":"https:\/\/dulichfree.com\/staging\/wp-json\/wp\/v2\/product_brand?post=368"},{"taxonomy":"product_cat","embeddable":true,"href":"https:\/\/dulichfree.com\/staging\/wp-json\/wp\/v2\/product_cat?post=368"},{"taxonomy":"product_tag","embeddable":true,"href":"https:\/\/dulichfree.com\/staging\/wp-json\/wp\/v2\/product_tag?post=368"}],"curies":[{"name":"wp","href":"https:\/\/api.w.org\/{rel}","templated":true}]}}