{"id":369,"date":"2023-03-13T08:45:12","date_gmt":"2023-03-13T01:45:12","guid":{"rendered":"https:\/\/dulichfree.com\/staging\/?post_type=product&#038;p=369"},"modified":"2023-03-26T17:13:55","modified_gmt":"2023-03-26T10:13:55","slug":"tour-hoi-an-1-ngay","status":"publish","type":"product","link":"https:\/\/dulichfree.com\/staging\/tour-hoi-an-1-ngay\/","title":{"rendered":"Tour H\u1ed9i An 1 Ng\u00e0y"},"content":{"rendered":"<h2><span style=\"font-size: 120%; color: #282828;\"><strong>L\u1ecaCH TR\u00ccNH TOUR H\u1ed8I AN 1 NG\u00c0Y<\/strong><\/span><\/h2>\n<p><span style=\"font-size: 120%; color: #282828;\"><strong>TOUR H\u1ed8I AN KH\u1edeI H\u00c0NH BU\u1ed4I CHI\u1ec0U\u00a0(tour gh\u00e9p):<\/strong><\/span><\/p>\n<p><span style=\"color: #282828;\">Tour H\u1ed9i An 1 ng\u00e0y kh\u1edfi h\u00e0nh bu\u1ed5i chi\u1ec1u l\u00e0 chuy\u1ebfn \u0111i tuy\u1ec7t v\u1eddi \u0111\u1ec3 kh\u00e1m ph\u00e1 v\u1ebb \u0111\u1eb9p c\u1ed5 k\u00ednh c\u1ee7a th\u00e0nh ph\u1ed1 c\u1ed5 H\u1ed9i An. Qu\u00fd kh\u00e1ch s\u1ebd \u0111\u01b0\u1ee3c tr\u1ea3i nghi\u1ec7m tham quan c\u00e1c di t\u00edch l\u1ecbch s\u1eed v\u00e0 ki\u1ebfn tr\u00fac c\u1ed5 x\u01b0a, th\u01b0\u1edfng th\u1ee9c \u1ea9m th\u1ef1c \u0111\u1eb7c s\u1ea3n v\u00e0 h\u00f2a m\u00ecnh v\u00e0o kh\u00f4ng kh\u00ed vui t\u01b0\u01a1i, lung linh c\u1ee7a ph\u1ed1 c\u1ed5 H\u1ed9i An.<\/span><\/p>\n<ul>\n<li><span style=\"color: #282828;\"><strong>15h30:<\/strong> Xe v\u00e0 HDV \u0111\u00f3n kh\u00e1ch t\u1ea1i \u0111i\u1ec3m h\u1eb9n, kh\u1edfi h\u00e0nh \u0111\u1ebfn Ng\u0169 H\u00e0nh S\u01a1n.<\/span>\n<ul>\n<li><span style=\"color: #282828;\">Tham quan Khu Danh Th\u1eafng Non N\u01b0\u1edbc &#8211; Ng\u0169 H\u00e0nh S\u01a1n v\u1edbi n\u0103m ng\u1ecdn n\u00fai \u0111\u01b0\u1ee3c n\u1eb1m theo h\u1ec7 Ng\u0169 H\u00e0nh l\u00e0 m\u1ed9t ki\u1ec7t t\u00e1c c\u1ee7a thi\u00ean nhi\u00ean.<\/span><\/li>\n<li><span style=\"color: #282828;\">Tham quan Ch\u00f9a Linh \u1ee8ng, Ch\u00f9a Tam Thai, Th\u00e1p X\u00e1 L\u1ee3i, c\u00e1c hang \u0111\u1ed9ng : \u0110\u1ed9ng T\u00e0ng Ch\u01a1n, \u0110\u1ed9ng Linh Nham, \u0110\u1ed9ng Hoa Nghi\u00eam.<\/span><\/li>\n<li><span style=\"color: #282828;\">Th\u0103m quan L\u00e0ng \u0110i\u00eau Kh\u1eafc \u0110\u00e1 M\u1ef9 Ngh\u1ec7 Non N\u01b0\u1edbc, mua s\u1eafm qu\u00e0 l\u01b0u ni\u1ec7m.<\/span><\/li>\n<\/ul>\n<\/li>\n<li><span style=\"color: #282828;\"><strong>17h00:<\/strong> \u0110o\u00e0n ti\u1ebfp t\u1ee5c kh\u1edfi h\u00e0nh \u0111i H\u1ed9i An.<\/span>\n<ul>\n<li><span style=\"color: #282828;\">Tham quan Ph\u1ed1 C\u1ed5 H\u1ed9i An v\u1ec1 \u0111\u00eam, kh\u00e1m ph\u00e1 d\u00e3y ph\u1ed1 \u0111\u00e8n l\u1ed3ng lung linh s\u1eafc m\u00e0u v\u00e0 c\u00e1c c\u00f4ng tr\u00ecnh ki\u1ebfn tr\u00fac \u0111\u1ed9c \u0111\u00e1o.<\/span><\/li>\n<li><span style=\"color: #282828;\">Th\u01b0\u1edfng th\u1ee9c \u1ea9m th\u1ef1c ph\u1ed1 H\u1ed9i v\u00e0 tham gia H\u00e1t B\u00e0i Ch\u00f2i &#8211; n\u00e9t v\u0103n h\u00f3a truy\u1ec1n th\u1ed1ng \u0111\u1ed9c \u0111\u00e1o.<\/span><\/li>\n<\/ul>\n<\/li>\n<li><span style=\"color: #282828;\"><strong>21h00:<\/strong> \u0110\u01b0a qu\u00fd kh\u00e1ch tr\u1edf v\u1ec1 \u0111i\u1ec3m \u0111\u00f3n ban \u0111\u1ea7u. K\u1ebft th\u00fac tour.<\/span><\/li>\n<\/ul>\n<p><span style=\"color: #282828; font-size: 120%;\"><strong>TOUR H\u1ed8I AN KH\u1edeI H\u00c0NH BU\u1ed4I S\u00c1NG (tour tr\u00ean 10 kh\u00e1ch)<\/strong><\/span><\/p>\n<p><span style=\"color: #282828;\">Tour H\u1ed9i An 1 ng\u00e0y kh\u1edfi h\u00e0nh bu\u1ed5i s\u00e1ng l\u00e0 chuy\u1ebfn tham quan \u0111\u1ed9c \u0111\u00e1o \u0111\u1ec3 kh\u00e1m ph\u00e1 th\u00e0nh ph\u1ed1 c\u1ed5 H\u1ed9i An xinh \u0111\u1eb9p. Qu\u00fd kh\u00e1ch s\u1ebd tham quan c\u00e1c di s\u1ea3n v\u0103n h\u00f3a th\u1ebf gi\u1edbi, t\u00ecm hi\u1ec3u l\u1ecbch s\u1eed v\u00e0 v\u0103n h\u00f3a c\u1ee7a ng\u01b0\u1eddi d\u00e2n \u0111\u1ecba ph\u01b0\u01a1ng. Ngo\u00e0i ra, du kh\u00e1ch c\u0169ng c\u00f3 c\u01a1 h\u1ed9i th\u01b0\u1edfng th\u1ee9c \u1ea9m th\u1ef1c \u0111\u1ecba ph\u01b0\u01a1ng v\u00e0 tr\u1ea3i nghi\u1ec7m cu\u1ed9c s\u1ed1ng c\u1ee7a ng\u01b0\u1eddi d\u00e2n t\u1ea1i \u0111\u00e2y.<\/span><\/p>\n<ul>\n<li><span style=\"color: #282828;\"><strong>08h30:<\/strong> Xe v\u00e0 h\u01b0\u1edbng d\u1eabn vi\u00ean \u0111\u00f3n kh\u00e1ch t\u1ea1i \u0111i\u1ec3m h\u1eb9n, kh\u1edfi h\u00e0nh \u0111\u1ebfn Ng\u0169 h\u00e0nh S\u01a1n.<\/span><\/li>\n<li><span style=\"color: #282828;\"><strong>09h00:<\/strong> Tham quan l\u00e0ng c\u1ed5 Non N\u01b0\u1edbc, chi\u00eam ng\u01b0\u1ee1ng t\u00e1c ph\u1ea9m \u0111\u00e1 tinh x\u1ea3o c\u1ee7a c\u00e1c ngh\u1ec7 nh\u00e2n \u0111\u1ecba ph\u01b0\u01a1ng.<\/span><\/li>\n<li><span style=\"color: #282828;\"><strong>09h15:<\/strong> Tham quan c\u00e1c hang \u0111\u1ed9ng t\u1ef1 nhi\u00ean, c\u00f4ng tr\u00ecnh ki\u1ebfn tr\u00fac c\u1ed5 x\u01b0a nh\u01b0 ch\u00f9a Linh \u1ee8ng, ch\u00f9a Tam Thai v\u00e0 V\u1ecdng Giang \u0110\u00e0i.<\/span><\/li>\n<li><span style=\"color: #282828;\"><strong>10h30:<\/strong> Kh\u1edfi h\u00e0nh \u0111\u1ebfn H\u1ed9i An, \u0111i tr\u00ean con \u0111\u01b0\u1eddng 5 sao c\u1ee7a th\u00e0nh ph\u1ed1.<\/span><\/li>\n<li><span style=\"color: #282828;\"><strong>11h00:<\/strong> Tham quan nh\u1eefng ng\u00f4i nh\u00e0 c\u1ed5, Ch\u00f9a C\u1ea7u, h\u1ed9i qu\u00e1n Qu\u1ea3ng \u0110\u00f4ng v\u00e0 t\u00ecm hi\u1ec3u v\u1ec1 l\u1ecbch s\u1eed v\u00e0 ph\u00e1t tri\u1ec3n c\u1ee7a \u0111\u00f4 th\u1ecb n\u00e0y.<\/span><\/li>\n<li><span style=\"color: #282828;\"><strong>12h00:<\/strong> \u0102n tr\u01b0a t\u1ea1i nh\u00e0 h\u00e0ng v\u00e0 tr\u1ea3i nghi\u1ec7m \u1ea9m th\u1ef1c \u0111\u1eb7c s\u1ea3n c\u1ee7a H\u1ed9i An.<\/span><\/li>\n<li><span style=\"color: #282828;\"><strong>14h30:<\/strong> Tr\u1edf v\u1ec1 \u0110\u00e0 N\u1eb5ng.<\/span><\/li>\n<li><span style=\"color: #282828;\"><strong>15h30:<\/strong> K\u1ebft th\u00fac ch\u01b0\u01a1ng tr\u00ecnh tour t\u1ea1i \u0111i\u1ec3m \u0111\u00f3n ban \u0111\u1ea7u.<\/span><\/li>\n<\/ul>\n","protected":false},"excerpt":{"rendered":"<ul>\n<li><i class=\"fas fa-check-circle\"><\/i> Xe v\u00e0 h\u01b0\u1edbng d\u1eabn vi\u00ean \u0111\u00f3n kh\u00e1ch t\u1ea1i \u0111i\u1ec3m h\u1eb9n, kh\u1edfi h\u00e0nh \u0111\u1ebfn Ng\u0169 h\u00e0nh S\u01a1n. Tham quan l\u00e0ng c\u1ed5 Non N\u01b0\u1edbc, chi\u00eam ng\u01b0\u1ee1ng t\u00e1c ph\u1ea9m \u0111\u00e1 tinh x\u1ea3o c\u1ee7a c\u00e1c ngh\u1ec7 nh\u00e2n \u0111\u1ecba ph\u01b0\u01a1ng. Tham quan c\u00e1c hang \u0111\u1ed9ng t\u1ef1 nhi\u00ean, c\u00f4ng tr\u00ecnh ki\u1ebfn tr\u00fac c\u1ed5 x\u01b0a nh\u01b0 ch\u00f9a Linh \u1ee8ng, ch\u00f9a Tam Thai v\u00e0 V\u1ecdng Giang \u0110\u00e0i.<\/li>\n<li><i class=\"fas fa-check-circle\"><\/i> \u0102n tr\u01b0a t\u1ea1i nh\u00e0 h\u00e0ng v\u00e0 tr\u1ea3i nghi\u1ec7m \u1ea9m th\u1ef1c \u0111\u1eb7c s\u1ea3n c\u1ee7a H\u1ed9i An<\/li>\n<li><i class=\"fas fa-check-circle\"><\/i> Tham quan nh\u1eefng ng\u00f4i nh\u00e0 c\u1ed5, Ch\u00f9a C\u1ea7u, h\u1ed9i qu\u00e1n Qu\u1ea3ng \u0110\u00f4ng v\u00e0 t\u00ecm hi\u1ec3u v\u1ec1 l\u1ecbch s\u1eed v\u00e0 ph\u00e1t tri\u1ec3n c\u1ee7a \u0111\u00f4 th\u1ecb n\u00e0y. Tham quan Ph\u1ed1 C\u1ed5 H\u1ed9i An v\u1ec1 \u0111\u00eam, kh\u00e1m ph\u00e1 d\u00e3y ph\u1ed1 \u0111\u00e8n l\u1ed3ng lung linh s\u1eafc m\u00e0u v\u00e0 c\u00e1c c\u00f4ng tr\u00ecnh ki\u1ebfn tr\u00fac \u0111\u1ed9c \u0111\u00e1o. Th\u01b0\u1edfng th\u1ee9c \u1ea9m th\u1ef1c ph\u1ed1 H\u1ed9i v\u00e0 tham gia H\u00e1t B\u00e0i Ch\u00f2i &#8211; n\u00e9t v\u0103n h\u00f3a truy\u1ec1n th\u1ed1ng \u0111\u1ed9c \u0111\u00e1o.<\/li>\n<li><i class=\"fas fa-check-circle\"><\/i> \u0110\u01b0a qu\u00fd kh\u00e1ch tr\u1edf v\u1ec1 \u0111i\u1ec3m \u0111\u00f3n ban \u0111\u1ea7u. K\u1ebft th\u00fac tour.<\/li>\n<\/ul>\n","protected":false},"featured_media":611,"comment_status":"open","ping_status":"closed","template":"","meta":[],"product_brand":[],"product_cat":[66],"product_tag":[93],"class_list":{"0":"post-369","1":"product","2":"type-product","3":"status-publish","4":"has-post-thumbnail","6":"product_cat-tour-hoi-an","7":"product_tag-tour-hoi-an-1-ngay","9":"first","10":"instock","11":"taxable","12":"shipping-taxable","13":"purchasable","14":"product-type-simple"},"acf":[],"_links":{"self":[{"href":"https:\/\/dulichfree.com\/staging\/wp-json\/wp\/v2\/product\/369","targetHints":{"allow":["GET"]}}],"collection":[{"href":"https:\/\/dulichfree.com\/staging\/wp-json\/wp\/v2\/product"}],"about":[{"href":"https:\/\/dulichfree.com\/staging\/wp-json\/wp\/v2\/types\/product"}],"replies":[{"embeddable":true,"href":"https:\/\/dulichfree.com\/staging\/wp-json\/wp\/v2\/comments?post=369"}],"wp:featuredmedia":[{"embeddable":true,"href":"https:\/\/dulichfree.com\/staging\/wp-json\/wp\/v2\/media\/611"}],"wp:attachment":[{"href":"https:\/\/dulichfree.com\/staging\/wp-json\/wp\/v2\/media?parent=369"}],"wp:term":[{"taxonomy":"product_brand","embeddable":true,"href":"https:\/\/dulichfree.com\/staging\/wp-json\/wp\/v2\/product_brand?post=369"},{"taxonomy":"product_cat","embeddable":true,"href":"https:\/\/dulichfree.com\/staging\/wp-json\/wp\/v2\/product_cat?post=369"},{"taxonomy":"product_tag","embeddable":true,"href":"https:\/\/dulichfree.com\/staging\/wp-json\/wp\/v2\/product_tag?post=369"}],"curies":[{"name":"wp","href":"https:\/\/api.w.org\/{rel}","templated":true}]}}