{"id":65,"date":"2023-03-11T06:20:10","date_gmt":"2023-03-11T06:20:10","guid":{"rendered":"https:\/\/dulichfree.com\/staging\/?post_type=product&#038;p=65"},"modified":"2023-03-26T16:51:03","modified_gmt":"2023-03-26T09:51:03","slug":"tour-hue-1-ngay","status":"publish","type":"product","link":"https:\/\/dulichfree.com\/staging\/tour-hue-1-ngay\/","title":{"rendered":"Tour Hu\u1ebf 1 Ng\u00e0y"},"content":{"rendered":"<p>Tour Hu\u1ebf 1 ng\u00e0y l\u00e0 m\u1ed9t tr\u1ea3i nghi\u1ec7m tuy\u1ec7t v\u1eddi cho nh\u1eefng ai mu\u1ed1n kh\u00e1m ph\u00e1 v\u0103n h\u00f3a v\u00e0 l\u1ecbch s\u1eed c\u1ee7a th\u00e0nh ph\u1ed1 c\u1ed1 \u0111\u00f4 Hu\u1ebf. V\u1edbi l\u1ecbch tr\u00ecnh ch\u1eb7t ch\u1ebd v\u00e0 h\u1ea5p d\u1eabn, tour s\u1ebd \u0111\u01b0a du kh\u00e1ch \u0111\u1ebfn th\u0103m quan c\u00e1c \u0111i\u1ec3m \u0111\u1ebfn n\u1ed5i ti\u1ebfng nh\u01b0 C\u1ed1 \u0111\u00f4 Hu\u1ebf, Thi\u00ean M\u1ee5 Pagoda, L\u0103ng T\u1ef1 \u0110\u1ee9c, \u0110\u1ea1i N\u1ed9i, v\u00e0 Th\u00e0nh c\u1ed5 Hu\u1ebf. C\u00f9ng t\u00ecm hi\u1ec3u xem Tour du l\u1ecbch Hu\u1ebf 1 ng\u00e0y t\u1ea1i Du l\u1ecbch Free c\u00f3 nh\u1eefng g\u00ec nh\u00e9!<\/p>\n<p><strong>Bu\u1ed5i s\u00e1ng<\/strong>:<\/p>\n<ul>\n<li>08 gi\u1edd 00 &#8211; 08 gi\u1edd 30: HDV v\u00e0 xe \u0111\u00f3n kh\u00e1ch t\u1ea1i \u0111i\u1ec3m h\u1eb9n \u1edf trung t\u00e2m th\u00e0nh ph\u1ed1 Hu\u1ebf.<\/li>\n<li>\u0110\u01b0a \u0111o\u00e0n ra b\u1ebfn T\u00f2a Kh\u00e2m l\u00ean du thuy\u1ec1n tr\u00ean d\u00f2ng s\u00f4ng H\u01b0\u01a1ng.<\/li>\n<li>Gh\u00e9 th\u0103m ch\u00f9a Thi\u00ean M\u1ee5, ng\u00f4i ch\u00f9a n\u1ed5i ti\u1ebfng v\u1edbi ki\u1ebfn tr\u00fac c\u1ed5 x\u01b0a v\u00e0 nh\u1eefng g\u00f3c h\u00ecnh ch\u1ee5p \u1ea3nh n\u1ed5i b\u1eadt.<\/li>\n<li>Ti\u1ebfp t\u1ee5c tham quan \u0110\u1ea1i N\u1ed9i Hu\u1ebf \u2013 Th\u00e0nh qu\u00e1ch c\u1ee7a tri\u1ec1u \u0111\u1ea1i nh\u00e0 Nguy\u1ec5n, bao g\u1ed3m nhi\u1ec1u c\u00f4ng tr\u00ecnh nh\u01b0 C\u1eeda Ng\u1ecd M\u00f4n, \u0110i\u1ec7n Th\u00e1i Ho\u00e0, Th\u00e1i Mi\u1ebfu, Th\u1ebf Mi\u1ebfu, Hi\u1ec3n L\u00e2m C\u00e1c, C\u1eedu \u0110\u1ec9nh v\u00e0 B\u1ea3o t\u00e0ng c\u1ed5 v\u1eadt cung \u0111\u00ecnh Hu\u1ebf.<\/li>\n<\/ul>\n<p><strong>Bu\u1ed5i tr\u01b0a<\/strong>:<\/p>\n<ul>\n<li>11h30: \u0102n tr\u01b0a ngh\u1ec9 ng\u01a1i t\u1ea1i nh\u00e0 h\u00e0ng.<\/li>\n<\/ul>\n<p><strong>Bu\u1ed5i chi\u1ec1u<\/strong>:<\/p>\n<ul>\n<li>13h30: Tham quan l\u0103ng Kh\u1ea3i \u0110\u1ecbnh, m\u1ed9t c\u00f4ng tr\u00ecnh ti\u00eau bi\u1ec3u cho s\u1ef1 \u0111an xen h\u00f2a quy\u1ec7n tuy\u1ec7t v\u1eddi gi\u1eefa hai d\u00f2ng ki\u1ebfn tr\u00fac c\u1ed5 \u0111i\u1ec3n \u00c2u \u2013 \u00c1.<\/li>\n<li>Sau \u0111\u00f3, \u0111o\u00e0n ti\u1ebfp t\u1ee5c tham quan l\u0103ng Minh M\u1ea1ng, n\u01a1i mang \u0111\u1eadm phong c\u00e1ch ki\u1ebfn tr\u00fac ph\u01b0\u01a1ng \u0110\u00f4ng.<\/li>\n<li>Ti\u1ebfp \u0111\u1ebfn, \u0111o\u00e0n di chuy\u1ec3n \u0111i tham quan l\u00e0ng n\u00f3n, l\u00e0ng h\u01b0\u01a1ng, n\u01a1i \u0111ang \u0111\u01b0\u1ee3c kh\u00e1ch du l\u1ecbch \u01b0a chu\u1ed9ng \u0111\u1ec3 kh\u00e1m ph\u00e1 v\u00e0 t\u00ecm hi\u1ec3u v\u1ec1 n\u00e9t \u0111\u1ed9c \u0111\u00e1o c\u1ee7a c\u00e1c ngh\u1ec7 nh\u00e2n l\u00e0m n\u00f3n, l\u00e0m h\u01b0\u01a1ng t\u1ea1i \u0111\u00e2y v\u00e0 l\u01b0u gi\u1eef k\u1ef7 ni\u1ec7m t\u1ea1i Hu\u1ebf.<\/li>\n<li>Kho\u1ea3ng 16h-16h30, xe v\u00e0 h\u01b0\u1edbng d\u1eabn vi\u00ean s\u1ebd \u0111\u00f3n qu\u00fd kh\u00e1ch v\u00e0 tr\u1ea3 kh\u00e1ch v\u1ec1 l\u1ea1i kh\u00e1ch s\u1ea1n, k\u1ebft th\u00fac ch\u01b0\u01a1ng tr\u00ecnh City Tour Hu\u1ebf 1 ng\u00e0y.<\/li>\n<\/ul>\n","protected":false},"excerpt":{"rendered":"<ul>\n<li><i class=\"fas fa-check-circle\"><\/i> \u0110\u01b0a \u0111o\u00e0n ra b\u1ebfn T\u00f2a Kh\u00e2m l\u00ean du thuy\u1ec1n tr\u00ean d\u00f2ng s\u00f4ng H\u01b0\u01a1ng, Gh\u00e9 th\u0103m ch\u00f9a Thi\u00ean M\u1ee5, ng\u00f4i ch\u00f9a n\u1ed5i ti\u1ebfng v\u1edbi ki\u1ebfn tr\u00fac c\u1ed5 x\u01b0a v\u00e0 nh\u1eefng g\u00f3c h\u00ecnh ch\u1ee5p \u1ea3nh n\u1ed5i b\u1eadt, i\u1ebfp t\u1ee5c tham quan \u0110\u1ea1i N\u1ed9i Hu\u1ebf \u2013 Th\u00e0nh qu\u00e1ch c\u1ee7a tri\u1ec1u \u0111\u1ea1i nh\u00e0 Nguy\u1ec5n, bao g\u1ed3m nhi\u1ec1u c\u00f4ng tr\u00ecnh nh\u01b0 C\u1eeda Ng\u1ecd M\u00f4n, \u0110i\u1ec7n Th\u00e1i Ho\u00e0, Th\u00e1i Mi\u1ebfu, Th\u1ebf Mi\u1ebfu, Hi\u1ec3n L\u00e2m C\u00e1c, C\u1eedu \u0110\u1ec9nh v\u00e0 B\u1ea3o t\u00e0ng c\u1ed5 v\u1eadt cung \u0111\u00ecnh Hu\u1ebf.<\/li>\n<li><i class=\"fas fa-check-circle\"><\/i> H\u01b0\u1edbng d\u1eabn \u0111\u01b0a Qu\u00fd kh\u00e1ch \u0111i \u0103n tr\u01b0a t\u1ea1i nh\u00e0 h\u00e0ng<\/li>\n<li><i class=\"fas fa-check-circle\"><\/i> Tham quan l\u0103ng Kh\u1ea3i \u0110\u1ecbnh, m\u1ed9t c\u00f4ng tr\u00ecnh ti\u00eau bi\u1ec3u cho s\u1ef1 \u0111an xen h\u00f2a quy\u1ec7n tuy\u1ec7t v\u1eddi gi\u1eefa hai d\u00f2ng ki\u1ebfn tr\u00fac c\u1ed5 \u0111i\u1ec3n \u00c2u \u2013 \u00c1. Sau \u0111\u00f3, \u0111o\u00e0n ti\u1ebfp t\u1ee5c tham quan l\u0103ng Minh M\u1ea1ng, n\u01a1i mang \u0111\u1eadm phong c\u00e1ch ki\u1ebfn tr\u00fac ph\u01b0\u01a1ng \u0110\u00f4ng. Ti\u1ebfp \u0111\u1ebfn, \u0111o\u00e0n di chuy\u1ec3n \u0111i tham quan l\u00e0ng n\u00f3n, l\u00e0ng h\u01b0\u01a1ng, n\u01a1i \u0111ang \u0111\u01b0\u1ee3c kh\u00e1ch du l\u1ecbch \u01b0a chu\u1ed9ng \u0111\u1ec3 kh\u00e1m ph\u00e1 v\u00e0 t\u00ecm hi\u1ec3u v\u1ec1 n\u00e9t \u0111\u1ed9c \u0111\u00e1o c\u1ee7a c\u00e1c ngh\u1ec7 nh\u00e2n l\u00e0m n\u00f3n, l\u00e0m h\u01b0\u01a1ng t\u1ea1i \u0111\u00e2y v\u00e0 l\u01b0u gi\u1eef k\u1ef7 ni\u1ec7m t\u1ea1i Hu\u1ebf.<\/li>\n<li><i class=\"fas fa-check-circle\"><\/i> Kho\u1ea3ng 16h-16h30, xe v\u00e0 h\u01b0\u1edbng d\u1eabn vi\u00ean s\u1ebd \u0111\u00f3n qu\u00fd kh\u00e1ch v\u00e0 tr\u1ea3 kh\u00e1ch v\u1ec1 l\u1ea1i kh\u00e1ch s\u1ea1n, k\u1ebft th\u00fac ch\u01b0\u01a1ng tr\u00ecnh City Tour Hu\u1ebf 1 ng\u00e0y.<\/li>\n<\/ul>\n","protected":false},"featured_media":401,"comment_status":"open","ping_status":"closed","template":"","meta":[],"product_brand":[],"product_cat":[64],"product_tag":[],"class_list":{"0":"post-65","1":"product","2":"type-product","3":"status-publish","4":"has-post-thumbnail","6":"product_cat-tour-hue","8":"first","9":"instock","10":"taxable","11":"shipping-taxable","12":"purchasable","13":"product-type-simple"},"acf":[],"_links":{"self":[{"href":"https:\/\/dulichfree.com\/staging\/wp-json\/wp\/v2\/product\/65","targetHints":{"allow":["GET"]}}],"collection":[{"href":"https:\/\/dulichfree.com\/staging\/wp-json\/wp\/v2\/product"}],"about":[{"href":"https:\/\/dulichfree.com\/staging\/wp-json\/wp\/v2\/types\/product"}],"replies":[{"embeddable":true,"href":"https:\/\/dulichfree.com\/staging\/wp-json\/wp\/v2\/comments?post=65"}],"wp:featuredmedia":[{"embeddable":true,"href":"https:\/\/dulichfree.com\/staging\/wp-json\/wp\/v2\/media\/401"}],"wp:attachment":[{"href":"https:\/\/dulichfree.com\/staging\/wp-json\/wp\/v2\/media?parent=65"}],"wp:term":[{"taxonomy":"product_brand","embeddable":true,"href":"https:\/\/dulichfree.com\/staging\/wp-json\/wp\/v2\/product_brand?post=65"},{"taxonomy":"product_cat","embeddable":true,"href":"https:\/\/dulichfree.com\/staging\/wp-json\/wp\/v2\/product_cat?post=65"},{"taxonomy":"product_tag","embeddable":true,"href":"https:\/\/dulichfree.com\/staging\/wp-json\/wp\/v2\/product_tag?post=65"}],"curies":[{"name":"wp","href":"https:\/\/api.w.org\/{rel}","templated":true}]}}